{"id":1962,"date":"2024-09-13T18:05:07","date_gmt":"2024-09-13T16:05:07","guid":{"rendered":"https:\/\/dev-nbc-ev.pantheonsite.io\/?page_id=1962"},"modified":"2025-09-03T15:59:00","modified_gmt":"2025-09-03T13:59:00","slug":"herren-1-bayernliga","status":"publish","type":"page","link":"https:\/\/nbc-ev.de\/en\/herren-1-bayernliga\/","title":{"rendered":"HERREN-1 Bayernliga"},"content":{"rendered":"<div data-elementor-type=\"wp-page\" data-elementor-id=\"1962\" class=\"elementor elementor-1962\">\n\t\t\t\t\t\t<section class=\"elementor-section elementor-top-section elementor-element elementor-element-1803ef5 elementor-section-content-bottom elementor-section-height-min-height elementor-hidden-desktop elementor-hidden-tablet elementor-section-boxed elementor-section-height-default elementor-section-items-middle wpr-particle-no wpr-jarallax-no wpr-parallax-no wpr-sticky-section-no\" data-id=\"1803ef5\" data-element_type=\"section\" data-settings=\"{&quot;background_background&quot;:&quot;classic&quot;}\">\n\t\t\t\t\t\t\t<div class=\"elementor-background-overlay\"><\/div>\n\t\t\t\t\t\t\t<div class=\"elementor-container elementor-column-gap-default\">\n\t\t\t\t\t<div class=\"elementor-column elementor-col-100 elementor-top-column elementor-element elementor-element-f05ca43\" data-id=\"f05ca43\" data-element_type=\"column\">\n\t\t\t<div class=\"elementor-widget-wrap elementor-element-populated\">\n\t\t\t\t\t\t<div class=\"elementor-element elementor-element-d529bc7 elementor-widget elementor-widget-heading\" data-id=\"d529bc7\" data-element_type=\"widget\" data-widget_type=\"heading.default\">\n\t\t\t\t<div class=\"elementor-widget-container\">\n\t\t\t\t\t<h2 class=\"elementor-heading-title elementor-size-default\">Herren 1 Bayernliga<\/h2>\t\t\t\t<\/div>\n\t\t\t\t<\/div>\n\t\t\t\t<div class=\"elementor-element elementor-element-680ef69 elementor-widget-elementskit-dual-button-center elementor-hidden-mobile elementor-widget elementor-widget-elementskit-dual-button\" data-id=\"680ef69\" data-element_type=\"widget\" data-widget_type=\"elementskit-dual-button.default\">\n\t\t\t\t<div class=\"elementor-widget-container\">\n\t\t\t\t\t<div class=\"ekit-wid-con\" >\n                <div class=\"ekit-element-align-wrapper\">\n                    <div class=\"ekit_double_button\">                <a class=\"ekit-double-btn ekit-double-btn-one\" href=\"https:\/\/www.basketball-bund.net\/index.jsp?Action=102&#038;liga_id=41668\" target=\"_blank\">\n                    To the tables                <\/a>\n            \n            <a class=\"ekit-double-btn ekit-double-btn-two\" href=\"https:\/\/www.basketball-bund.net\/index.jsp?Action=101&#038;liga_id=41668\" target=\"_blank\">\n                    To the games                <\/a>\n                  <\/div>\n                <\/div>\n            <\/div>\t\t\t\t<\/div>\n\t\t\t\t<\/div>\n\t\t\t\t\t<\/div>\n\t\t<\/div>\n\t\t\t\t\t<\/div>\n\t\t<\/section>\n\t\t\t\t<section class=\"elementor-section elementor-top-section elementor-element elementor-element-8589b8a elementor-section-content-bottom elementor-section-height-min-height elementor-hidden-mobile elementor-section-boxed elementor-section-height-default elementor-section-items-middle wpr-particle-no wpr-jarallax-no wpr-parallax-no wpr-sticky-section-no\" data-id=\"8589b8a\" data-element_type=\"section\" data-settings=\"{&quot;background_background&quot;:&quot;classic&quot;}\">\n\t\t\t\t\t\t\t<div class=\"elementor-background-overlay\"><\/div>\n\t\t\t\t\t\t\t<div class=\"elementor-container elementor-column-gap-default\">\n\t\t\t\t\t<div class=\"elementor-column elementor-col-100 elementor-top-column elementor-element elementor-element-f539a18\" data-id=\"f539a18\" data-element_type=\"column\">\n\t\t\t<div class=\"elementor-widget-wrap elementor-element-populated\">\n\t\t\t\t\t\t<div class=\"elementor-element elementor-element-d372b29 elementor-widget elementor-widget-heading\" data-id=\"d372b29\" data-element_type=\"widget\" data-widget_type=\"heading.default\">\n\t\t\t\t<div class=\"elementor-widget-container\">\n\t\t\t\t\t<h2 class=\"elementor-heading-title elementor-size-default\">Herren 1 Bayernliga<\/h2>\t\t\t\t<\/div>\n\t\t\t\t<\/div>\n\t\t\t\t<div class=\"elementor-element elementor-element-404057c elementor-widget-elementskit-dual-button-center elementor-widget elementor-widget-elementskit-dual-button\" data-id=\"404057c\" data-element_type=\"widget\" data-widget_type=\"elementskit-dual-button.default\">\n\t\t\t\t<div class=\"elementor-widget-container\">\n\t\t\t\t\t<div class=\"ekit-wid-con\" >\n                <div class=\"ekit-element-align-wrapper\">\n                    <div class=\"ekit_double_button\">                <a class=\"ekit-double-btn ekit-double-btn-one\" href=\"https:\/\/www.basketball-bund.net\/index.jsp?Action=102&#038;liga_id=44647\" target=\"_blank\">\n                    To the tables                <\/a>\n            \n            <a class=\"ekit-double-btn ekit-double-btn-two\" href=\"https:\/\/www.basketball-bund.net\/index.jsp?Action=101&#038;liga_id=44647\" target=\"_blank\">\n                    To the games                <\/a>\n                  <\/div>\n                <\/div>\n            <\/div>\t\t\t\t<\/div>\n\t\t\t\t<\/div>\n\t\t\t\t\t<\/div>\n\t\t<\/div>\n\t\t\t\t\t<\/div>\n\t\t<\/section>\n\t\t\t\t<section class=\"elementor-section elementor-top-section elementor-element elementor-element-a7f6bd1 elementor-section-boxed elementor-section-height-default elementor-section-height-default wpr-particle-no wpr-jarallax-no wpr-parallax-no wpr-sticky-section-no\" data-id=\"a7f6bd1\" data-element_type=\"section\" data-settings=\"{&quot;background_background&quot;:&quot;classic&quot;}\">\n\t\t\t\t\t\t<div class=\"elementor-container elementor-column-gap-default\">\n\t\t\t\t\t<div class=\"elementor-column elementor-col-100 elementor-top-column elementor-element elementor-element-9029f35\" data-id=\"9029f35\" data-element_type=\"column\" data-settings=\"{&quot;background_background&quot;:&quot;classic&quot;}\">\n\t\t\t<div class=\"elementor-widget-wrap elementor-element-populated\">\n\t\t\t\t\t\t<div class=\"elementor-element elementor-element-ce9bedf elementor-widget elementor-widget-elementskit-heading\" data-id=\"ce9bedf\" data-element_type=\"widget\" data-widget_type=\"elementskit-heading.default\">\n\t\t\t\t<div class=\"elementor-widget-container\">\n\t\t\t\t\t<div class=\"ekit-wid-con\" ><div class=\"ekit-heading elementskit-section-title-wraper center   ekit_heading_tablet-   ekit_heading_mobile-\"><h3 class=\"ekit-heading--title elementskit-section-title\"><span><span>NBC Herren 1 Trainer<\/span><\/span> <\/h3>\t\t\t\t<div class='ekit-heading__description'>\n\t\t\t\t\t<p>In den H\u00e4nden des engagierten Trainers der Herren 1 des NBC e.V. werden diese jungen und erfahrenen Spieler zu den zuk\u00fcnftigen Aush\u00e4ngeschild des NBC geformt<\/p>\n\t\t\t\t<\/div>\n\t\t\t<\/div><\/div>\t\t\t\t<\/div>\n\t\t\t\t<\/div>\n\t\t\t\t<section class=\"elementor-section elementor-inner-section elementor-element elementor-element-f006195 elementor-section-content-middle elementor-hidden-mobile elementor-section-boxed elementor-section-height-default elementor-section-height-default wpr-particle-no wpr-jarallax-no wpr-parallax-no wpr-sticky-section-no\" data-id=\"f006195\" data-element_type=\"section\" data-settings=\"{&quot;background_background&quot;:&quot;classic&quot;}\">\n\t\t\t\t\t\t<div class=\"elementor-container elementor-column-gap-default\">\n\t\t\t\t\t<div class=\"elementor-column elementor-col-50 elementor-inner-column elementor-element elementor-element-1f7eb26\" data-id=\"1f7eb26\" data-element_type=\"column\">\n\t\t\t<div class=\"elementor-widget-wrap elementor-element-populated\">\n\t\t\t\t\t\t<div class=\"elementor-element elementor-element-5d66616 elementor-widget elementor-widget-elementskit-team\" data-id=\"5d66616\" data-element_type=\"widget\" data-widget_type=\"elementskit-team.default\">\n\t\t\t\t<div class=\"elementor-widget-container\">\n\t\t\t\t\t<div class=\"ekit-wid-con\">\t\t\t\t\t\t\t\t\n\t\t<div class=\"profile-card elementor-animation- text-center ekit-team-style-default\">\n\t\t\t\t\t\t\t<a aria-label=\"profile\" href=\"javascript:void(0)\" data-mfp-src=\"#ekit_team_modal_5d66616_1962\" class=\"ekit-team-popup\">\n\t\t\t\t\t\t\n\t\t\t\t<div class=\"profile-header ekit-team-img ekit-img-overlay ekit-team-img-block\"  data-toggle=\"modal\" data-target=\"ekit_team_modal_#5d66616_1962\" >\n\t\t\t\t\t<img fetchpriority=\"high\" decoding=\"async\" width=\"599\" height=\"845\" src=\"https:\/\/nbc-ev.de\/wp-content\/uploads\/2025\/09\/Pedja1.jpg\" class=\"attachment-full size-full wp-image-7461\" alt=\"\" srcset=\"https:\/\/nbc-ev.de\/wp-content\/uploads\/2025\/09\/Pedja1.jpg 599w, https:\/\/nbc-ev.de\/wp-content\/uploads\/2025\/09\/Pedja1-213x300.jpg 213w, https:\/\/nbc-ev.de\/wp-content\/uploads\/2025\/09\/Pedja1-9x12.jpg 9w\" sizes=\"(max-width: 599px) 100vw, 599px\" \/>\t\t\t\t<\/div><!-- .profile-header END -->\n\t\t\t\t\t\t\t<\/a>\n\t\t\t\t\t\t\n\n\t\t\t\t<div class=\"profile-body\">\n\t\t\t\t\t\n\t\t\t\t\t<h2 class=\"profile-title\">\n\t\t\t\t\t\t\t\t\t\t\t<a aria-label=\"profile\" href=\"javascript:void(0)\" data-mfp-src=\"#ekit_team_modal_5d66616_1962\" class=\"ekit-team-popup\">\n\t\t\t\t\t\tPredrag Veljkovic\t\t\t\t\t\t<\/a>\n\t\t\t\t\t\t\t\t\t\t\t<\/h2>\n\t\t\t\t\t<p class=\"profile-designation\">Trainer<\/p>\n\t\t\t\t\t\t\t\t\t<\/div><!-- .profile-body END -->\n\n\t\t\t\t\t\t\t\t<\/div>\n\t\t\t\t\t\t\t\n\t\t\t\n\t\t\t\t\t<div class=\"zoom-anim-dialog mfp-hide elementskit-team-popup team-popup-id-5d66616\" id=\"ekit_team_modal_5d66616_1962\" tabindex=\"-1\" role=\"dialog\" aria-hidden=\"true\">\n\t\t\t\t<div class=\"modal-dialog modal-dialog-centered\" role=\"document\">\n\t\t\t\t\t<div class=\"modal-content\">\n\t\t\t\t\t\t<button type=\"button\" class=\"ekit-team-modal-close\">\n\t\t\t\t\t\t\t<i aria-hidden=\"true\" class=\"fas fa-times\"><\/i>\t\t\t\t\t\t<\/button>\n\n\t\t\t\t\t\t<div class=\"modal-body\">\n\t\t\t\t\t\t\t\t\t\t\t\t\t\t\t<div class=\"ekit-team-modal-img\">\n\t\t\t\t\t\t\t\t\t<img fetchpriority=\"high\" decoding=\"async\" width=\"599\" height=\"845\" src=\"https:\/\/nbc-ev.de\/wp-content\/uploads\/2025\/09\/Pedja1.jpg\" class=\"attachment-full size-full wp-image-7461\" alt=\"\" srcset=\"https:\/\/nbc-ev.de\/wp-content\/uploads\/2025\/09\/Pedja1.jpg 599w, https:\/\/nbc-ev.de\/wp-content\/uploads\/2025\/09\/Pedja1-213x300.jpg 213w, https:\/\/nbc-ev.de\/wp-content\/uploads\/2025\/09\/Pedja1-9x12.jpg 9w\" sizes=\"(max-width: 599px) 100vw, 599px\" \/>\t\t\t\t\t\t\t\t<\/div>\n\t\t\t\t\t\t\t\n\t\t\t\t\t\t\t<div class=\"ekit-team-modal-info has-img\">\n\t\t\t\t\t\t\t\t<h2 class=\"ekit-team-modal-title\">Predrag Veljkovic<\/h2>\n\t\t\t\t\t\t\t\t<p class=\"ekit-team-modal-position\">Trainer<\/p>\n\t\t\t\t\t\t\t\t\n\t\t\t\t\t\t\t\t<div class=\"ekit-team-modal-content\">\n\t\t\t\t\t\t\t\t\tMeine Laufbahn begann 2007 beim NBC, wo ich das komplette Jugendprogramm durchlief. Nach Stationen in der JBBL (U16) und NBBL (U19) spielte ich unter anderem f\u00fcr die Longhorns Herzogenaurach in der 1. Regionalliga sowie die Hapa Ansbach Piranhas. Durch solide Leistungen folgte schlie\u00dflich mein erster Profi-Vertrag bei den Neustadt Temps Shooters in der 1. Regionalliga Nord. 1 1\/2 Jahre sp\u00e4ter schloss ich mich erneut meinem Heimatverein NBC an und fungierte als Trainer der H1.\n\t\t\t\t\t\t\t\t<\/div>\n\n\t\t\t\t\t\t\t\t\t\t\t\t\t\t\t\t\t<ul class=\"ekit-team-modal-list\">\n\t\t\t\t\t\t\t\t\t\t\t\t\t\t\t\t\t\t\t\t\t<li><strong>Phone:<\/strong><a href=\"tel:+49 1757402000\">+49 1757402000<\/a><\/li>\n\t\t\t\t\t\t\t\t\t\t\n\t\t\t\t\t\t\t\t\t\t\t\t\t\t\t\t\t\t\t\t\t<li><strong>Email:<\/strong><a href=\"mailto:v.pedja@t-online.de\">v.pedja@t-online.de<\/a><\/li>\n\t\t\t\t\t\t\t\t\t\t\t\t\t\t\t\t\t\t\t<\/ul>\n\t\t\t\t\t\t\t\t\t\t\t\t\t\t\t\t\n\t\t\t\t\t\t\t\t\t\t\t\t\t\t\t<\/div>\n\t\t\t\t\t\t<\/div>\n\t\t\t\t\t<\/div>\n\t\t\t\t<\/div>\n\t\t\t<\/div>\n\t\t\t\t<\/div>\t\t\t\t<\/div>\n\t\t\t\t<\/div>\n\t\t\t\t\t<\/div>\n\t\t<\/div>\n\t\t\t\t<div class=\"elementor-column elementor-col-50 elementor-inner-column elementor-element elementor-element-8b537f9\" data-id=\"8b537f9\" data-element_type=\"column\" data-settings=\"{&quot;background_background&quot;:&quot;classic&quot;}\">\n\t\t\t<div class=\"elementor-widget-wrap elementor-element-populated\">\n\t\t\t\t\t\t<div class=\"elementor-element elementor-element-242e59e elementor-widget elementor-widget-image\" data-id=\"242e59e\" data-element_type=\"widget\" data-widget_type=\"image.default\">\n\t\t\t\t<div class=\"elementor-widget-container\">\n\t\t\t\t\t\t\t\t\t\t\t\t\t\t\t<img decoding=\"async\" width=\"150\" height=\"143\" src=\"https:\/\/nbc-ev.de\/wp-content\/uploads\/2022\/03\/cropped-nbc_logo_w.png\" class=\"attachment-large size-large wp-image-3641\" alt=\"\" \/>\t\t\t\t\t\t\t\t\t\t\t\t\t\t\t<\/div>\n\t\t\t\t<\/div>\n\t\t\t\t\t<\/div>\n\t\t<\/div>\n\t\t\t\t\t<\/div>\n\t\t<\/section>\n\t\t\t\t\t<\/div>\n\t\t<\/div>\n\t\t\t\t\t<\/div>\n\t\t<\/section>\n\t\t\t\t<section class=\"elementor-section elementor-top-section elementor-element elementor-element-bca5330 elementor-section-boxed elementor-section-height-default elementor-section-height-default wpr-particle-no wpr-jarallax-no wpr-parallax-no wpr-sticky-section-no\" data-id=\"bca5330\" data-element_type=\"section\" data-settings=\"{&quot;background_background&quot;:&quot;classic&quot;}\">\n\t\t\t\t\t\t\t<div class=\"elementor-background-overlay\"><\/div>\n\t\t\t\t\t\t\t<div class=\"elementor-container elementor-column-gap-default\">\n\t\t\t\t\t<div class=\"elementor-column elementor-col-100 elementor-top-column elementor-element elementor-element-5e84a01\" data-id=\"5e84a01\" data-element_type=\"column\" data-settings=\"{&quot;background_background&quot;:&quot;classic&quot;}\">\n\t\t\t<div class=\"elementor-widget-wrap elementor-element-populated\">\n\t\t\t\t\t<div class=\"elementor-background-overlay\"><\/div>\n\t\t\t\t\t\t<section class=\"elementor-section elementor-inner-section elementor-element elementor-element-181847f elementor-section-full_width elementor-section-height-default elementor-section-height-default wpr-particle-no wpr-jarallax-no wpr-parallax-no wpr-sticky-section-no\" data-id=\"181847f\" data-element_type=\"section\" data-settings=\"{&quot;background_background&quot;:&quot;classic&quot;}\">\n\t\t\t\t\t\t<div class=\"elementor-container elementor-column-gap-no\">\n\t\t\t\t\t<div class=\"elementor-column elementor-col-33 elementor-inner-column elementor-element elementor-element-d64cf12\" data-id=\"d64cf12\" data-element_type=\"column\">\n\t\t\t<div class=\"elementor-widget-wrap elementor-element-populated\">\n\t\t\t\t\t\t<div class=\"elementor-element elementor-element-4d1ced0 elementor-widget elementor-widget-heading\" data-id=\"4d1ced0\" data-element_type=\"widget\" data-widget_type=\"heading.default\">\n\t\t\t\t<div class=\"elementor-widget-container\">\n\t\t\t\t\t<h2 class=\"elementor-heading-title elementor-size-default\">Men 1 Training times<\/h2>\t\t\t\t<\/div>\n\t\t\t\t<\/div>\n\t\t\t\t<div class=\"elementor-element elementor-element-a8e0a26 elementor-widget elementor-widget-text-editor\" data-id=\"a8e0a26\" data-element_type=\"widget\" data-widget_type=\"text-editor.default\">\n\t\t\t\t<div class=\"elementor-widget-container\">\n\t\t\t\t\t\t\t\t\t<p>Tauchen Sie ein in die Welt der Herren 1 , in denen aufstrebende Talente durch strategische Trainingsperioden gef\u00f6rdert werden, um die Champions von morgen zu formen.<\/p>\t\t\t\t\t\t\t\t<\/div>\n\t\t\t\t<\/div>\n\t\t\t\t\t<\/div>\n\t\t<\/div>\n\t\t\t\t<div class=\"elementor-column elementor-col-33 elementor-inner-column elementor-element elementor-element-384f4bb elementor-hidden-tablet\" data-id=\"384f4bb\" data-element_type=\"column\">\n\t\t\t<div class=\"elementor-widget-wrap\">\n\t\t\t\t\t\t\t<\/div>\n\t\t<\/div>\n\t\t\t\t<div class=\"elementor-column elementor-col-33 elementor-inner-column elementor-element elementor-element-abbf6c7\" data-id=\"abbf6c7\" data-element_type=\"column\" data-settings=\"{&quot;background_background&quot;:&quot;classic&quot;}\">\n\t\t\t<div class=\"elementor-widget-wrap elementor-element-populated\">\n\t\t\t\t\t\t<div class=\"elementor-element elementor-element-5603ff8 elementor-widget elementor-widget-heading\" data-id=\"5603ff8\" data-element_type=\"widget\" data-widget_type=\"heading.default\">\n\t\t\t\t<div class=\"elementor-widget-container\">\n\t\t\t\t\t<h2 class=\"elementor-heading-title elementor-size-default\">Training times<\/h2>\t\t\t\t<\/div>\n\t\t\t\t<\/div>\n\t\t\t\t<div class=\"elementor-element elementor-element-6bcfc32 elementor-widget elementor-widget-elementskit-heading\" data-id=\"6bcfc32\" data-element_type=\"widget\" data-widget_type=\"elementskit-heading.default\">\n\t\t\t\t<div class=\"elementor-widget-container\">\n\t\t\t\t\t<div class=\"ekit-wid-con\" ><div class=\"ekit-heading elementskit-section-title-wraper text_center   ekit_heading_tablet-   ekit_heading_mobile-\"><h2 class=\"ekit-heading--title elementskit-section-title\">Montags 19:30-21:30 und donnerstags <br> Zeit: 19 - 20:30 Uhr<\/h2><\/div><\/div>\t\t\t\t<\/div>\n\t\t\t\t<\/div>\n\t\t\t\t<div class=\"elementor-element elementor-element-99d0f34 elementor-widget elementor-widget-elementskit-heading\" data-id=\"99d0f34\" data-element_type=\"widget\" data-widget_type=\"elementskit-heading.default\">\n\t\t\t\t<div class=\"elementor-widget-container\">\n\t\t\t\t\t<div class=\"ekit-wid-con\" ><div class=\"ekit-heading elementskit-section-title-wraper text_center   ekit_heading_tablet-   ekit_heading_mobile-\"><h2 class=\"ekit-heading--title elementskit-section-title\">HALL<\/h2>\t\t\t\t<div class='ekit-heading__description'>\n\t\t\t\t\t<p>D\u00fcrer Gymnasium,Sielstr. 17, 90429 Nuremberg<\/p>\n\t\t\t\t<\/div>\n\t\t\t<\/div><\/div>\t\t\t\t<\/div>\n\t\t\t\t<\/div>\n\t\t\t\t\t<\/div>\n\t\t<\/div>\n\t\t\t\t\t<\/div>\n\t\t<\/section>\n\t\t\t\t\t<\/div>\n\t\t<\/div>\n\t\t\t\t\t<\/div>\n\t\t<\/section>\n\t\t\t\t<section class=\"elementor-section elementor-top-section elementor-element elementor-element-9ae34bb elementor-section-boxed elementor-section-height-default elementor-section-height-default wpr-particle-no wpr-jarallax-no wpr-parallax-no wpr-sticky-section-no\" data-id=\"9ae34bb\" data-element_type=\"section\" data-settings=\"{&quot;background_background&quot;:&quot;classic&quot;}\">\n\t\t\t\t\t\t<div class=\"elementor-container elementor-column-gap-default\">\n\t\t\t\t\t<div class=\"elementor-column elementor-col-33 elementor-top-column elementor-element elementor-element-2e33f6b\" data-id=\"2e33f6b\" data-element_type=\"column\">\n\t\t\t<div class=\"elementor-widget-wrap elementor-element-populated\">\n\t\t\t\t\t\t<div class=\"elementor-element elementor-element-b8b88e1 elementor-widget__width-initial wpr-logo-position-center elementor-widget elementor-widget-wpr-logo\" data-id=\"b8b88e1\" data-element_type=\"widget\" data-widget_type=\"wpr-logo.default\">\n\t\t\t\t<div class=\"elementor-widget-container\">\n\t\t\t\t\t\t\t\t\n\t\t\t<div class=\"wpr-logo elementor-clearfix\">\n\n\t\t\t\t\t\t\t\t<picture class=\"wpr-logo-image\">\n\t\t\t\t\t\n\t\t\t\t\t\t\t\t\t\t\n\t\t\t\t\t<img decoding=\"async\" src=\"https:\/\/nbc-ev.de\/wp-content\/uploads\/2023\/09\/logo-1.png\" alt=\"\">\n\n\t\t\t\t\t\t\t\t\t<\/picture>\n\t\t\t\t\n\t\t\t\t\n\t\t\t\t\n\t\t\t<\/div>\n\t\t\t\t\n\t\t\t\t\t\t<\/div>\n\t\t\t\t<\/div>\n\t\t\t\t\t<\/div>\n\t\t<\/div>\n\t\t\t\t<div class=\"elementor-column elementor-col-66 elementor-top-column elementor-element elementor-element-2498e96\" data-id=\"2498e96\" data-element_type=\"column\">\n\t\t\t<div class=\"elementor-widget-wrap elementor-element-populated\">\n\t\t\t\t\t\t<div class=\"elementor-element elementor-element-ede5dee elementor-widget elementor-widget-elementskit-heading\" data-id=\"ede5dee\" data-element_type=\"widget\" data-widget_type=\"elementskit-heading.default\">\n\t\t\t\t<div class=\"elementor-widget-container\">\n\t\t\t\t\t<div class=\"ekit-wid-con\" ><div class=\"ekit-heading elementskit-section-title-wraper text_left   ekit_heading_tablet-   ekit_heading_mobile-text_center\"><h2 class=\"ekit-heading--title elementskit-section-title\">Deutscher Basketball Bund Herren 1 Bayernliga<\/h2>\t\t\t\t<div class='ekit-heading__description'>\n\t\t\t\t\t<p>To access the table and see the current standings, please click on the \"To table\" button below.<\/p>\n\t\t\t\t<\/div>\n\t\t\t<\/div><\/div>\t\t\t\t<\/div>\n\t\t\t\t<\/div>\n\t\t\t\t<div class=\"elementor-element elementor-element-7baf456 elementor-align-center elementor-widget elementor-widget-elementskit-button\" data-id=\"7baf456\" data-element_type=\"widget\" data-widget_type=\"elementskit-button.default\">\n\t\t\t\t<div class=\"elementor-widget-container\">\n\t\t\t\t\t<div class=\"ekit-wid-con\" >\t\t<div class=\"ekit-btn-wraper\">\n\t\t\t\t\t\t\t<a href=\"https:\/\/www.basketball-bund.net\/index.jsp?Action=102&#038;liga_id=40219\" target=\"_blank\" class=\"elementskit-btn  whitespace--normal\" id=\"\">\n\t\t\t\t\tTo the tables<i class=\"fas fa-arrow-circle-right\"><\/i>\t\t\t\t<\/a>\n\t\t\t\t\t<\/div>\n        <\/div>\t\t\t\t<\/div>\n\t\t\t\t<\/div>\n\t\t\t\t\t<\/div>\n\t\t<\/div>\n\t\t\t\t\t<\/div>\n\t\t<\/section>\n\t\t\t\t<section class=\"elementor-section elementor-top-section elementor-element elementor-element-aae0ea1 elementor-section-full_width elementor-section-content-middle elementor-section-height-default elementor-section-height-default wpr-particle-no wpr-jarallax-no wpr-parallax-no wpr-sticky-section-no\" data-id=\"aae0ea1\" data-element_type=\"section\" data-settings=\"{&quot;background_background&quot;:&quot;classic&quot;}\">\n\t\t\t\t\t\t<div class=\"elementor-container elementor-column-gap-default\">\n\t\t\t\t\t<div class=\"elementor-column elementor-col-100 elementor-top-column elementor-element elementor-element-f027d30\" data-id=\"f027d30\" data-element_type=\"column\" data-settings=\"{&quot;background_background&quot;:&quot;classic&quot;}\">\n\t\t\t<div class=\"elementor-widget-wrap elementor-element-populated\">\n\t\t\t\t\t\t<div class=\"elementor-element elementor-element-32afc2d elementor-widget elementor-widget-heading\" data-id=\"32afc2d\" data-element_type=\"widget\" data-widget_type=\"heading.default\">\n\t\t\t\t<div class=\"elementor-widget-container\">\n\t\t\t\t\t<h2 class=\"elementor-heading-title elementor-size-default\">Schedule<\/h2>\t\t\t\t<\/div>\n\t\t\t\t<\/div>\n\t\t\t\t<div class=\"elementor-element elementor-element-3c6a4ff elementor-widget elementor-widget-text-editor\" data-id=\"3c6a4ff\" data-element_type=\"widget\" data-widget_type=\"text-editor.default\">\n\t\t\t\t<div class=\"elementor-widget-container\">\n\t\t\t\t\t\t\t\t\t<p>Click on the button below to get all the important information such as match dates, teams and venues. Celebrate the essence of basketball with us and don't miss a moment of the action.<\/p>\t\t\t\t\t\t\t\t<\/div>\n\t\t\t\t<\/div>\n\t\t\t\t<div class=\"elementor-element elementor-element-37917a7 elementor-align-center elementor-widget elementor-widget-elementskit-button\" data-id=\"37917a7\" data-element_type=\"widget\" data-widget_type=\"elementskit-button.default\">\n\t\t\t\t<div class=\"elementor-widget-container\">\n\t\t\t\t\t<div class=\"ekit-wid-con\" >\t\t<div class=\"ekit-btn-wraper\">\n\t\t\t\t\t\t\t<a href=\"https:\/\/www.basketball-bund.net\/index.jsp?Action=101&#038;liga_id=40219\" target=\"_blank\" class=\"elementskit-btn  whitespace--normal\" id=\"\">\n\t\t\t\t\tTo the games<i class=\"fas fa-arrow-circle-right\"><\/i>\t\t\t\t<\/a>\n\t\t\t\t\t<\/div>\n        <\/div>\t\t\t\t<\/div>\n\t\t\t\t<\/div>\n\t\t\t\t\t<\/div>\n\t\t<\/div>\n\t\t\t\t\t<\/div>\n\t\t<\/section>\n\t\t\t\t<\/div>","protected":false},"excerpt":{"rendered":"<p>Herren 1 Bayernliga Zu den Tabellen Zu den Spielen Herren 1 Bayernliga Zu den Tabellen Zu den Spielen NBC Herren 1 Trainer In den H\u00e4nden des engagierten Trainers der Herren 1 des NBC e.V. werden diese jungen und erfahrenen Spieler zu den zuk\u00fcnftigen Aush\u00e4ngeschild des NBC geformt Predrag Veljkovic Trainer Predrag Veljkovic Trainer Meine Laufbahn begann 2007 beim NBC, wo ich das komplette Jugendprogramm durchlief. Nach Stationen in der JBBL (U16) und NBBL (U19) spielte ich unter anderem f\u00fcr die Longhorns Herzogenaurach in der 1. Regionalliga sowie die Hapa Ansbach Piranhas. Durch solide Leistungen folgte schlie\u00dflich mein erster Profi-Vertrag bei den Neustadt Temps Shooters in der 1. Regionalliga Nord. 1 1\/2 Jahre sp\u00e4ter schloss ich mich erneut meinem Heimatverein NBC an und fungierte als Trainer der H1. Phone:+49 1757402000 Email:v.pedja@t-online.de Herren 1 Ausbildungszeiten Tauchen Sie ein in die Welt der Herren 1 , in denen aufstrebende Talente durch strategische Trainingsperioden gef\u00f6rdert werden, um die Champions von morgen zu formen. Trainingszeiten Montags 19:30-21:30 und donnerstags Zeit: 19 &#8211; 20:30 Uhr HALLE D\u00fcrer Gymnasium,Sielstr. 17, 90429 Nuremberg Deutscher Basketball Bund Herren 1 Bayernliga Um auf die Tabelle zuzugreifen und den aktuellen Tabellenstand zu sehen, klicken Sie bitte auf die Schaltfl\u00e4che &#8222;zur Tabelle&#8220; unten. Zu den Tabellen Spielplan Klicken Sie auf die Schaltfl\u00e4che unten, um alle wichtigen Informationen wie Spieltermine, Mannschaften und Austragungsorte zu erhalten. Feiern Sie mit uns die Essenz des Basketballs und verpassen Sie keinen Moment der Action. Zu den Spielen<\/p>","protected":false},"author":2,"featured_media":0,"parent":0,"menu_order":0,"comment_status":"closed","ping_status":"closed","template":"elementor_canvas","meta":{"_eb_attr":"","footnotes":""},"class_list":["post-1962","page","type-page","status-publish","hentry"],"rttpg_featured_image_url":null,"rttpg_author":{"display_name":"Mike","author_link":"https:\/\/nbc-ev.de\/en\/author\/mike\/"},"rttpg_comment":0,"rttpg_category":null,"rttpg_excerpt":"Herren 1 Bayernliga Zu den Tabellen Zu den Spielen Herren 1 Bayernliga Zu den Tabellen Zu den Spielen NBC Herren 1 Trainer In den H\u00e4nden des engagierten Trainers der Herren 1 des NBC e.V. werden diese jungen und erfahrenen Spieler zu den zuk\u00fcnftigen Aush\u00e4ngeschild des NBC geformt Predrag Veljkovic Trainer Predrag Veljkovic Trainer Meine Laufbahn&hellip;","_links":{"self":[{"href":"https:\/\/nbc-ev.de\/en\/wp-json\/wp\/v2\/pages\/1962","targetHints":{"allow":["GET"]}}],"collection":[{"href":"https:\/\/nbc-ev.de\/en\/wp-json\/wp\/v2\/pages"}],"about":[{"href":"https:\/\/nbc-ev.de\/en\/wp-json\/wp\/v2\/types\/page"}],"author":[{"embeddable":true,"href":"https:\/\/nbc-ev.de\/en\/wp-json\/wp\/v2\/users\/2"}],"replies":[{"embeddable":true,"href":"https:\/\/nbc-ev.de\/en\/wp-json\/wp\/v2\/comments?post=1962"}],"version-history":[{"count":150,"href":"https:\/\/nbc-ev.de\/en\/wp-json\/wp\/v2\/pages\/1962\/revisions"}],"predecessor-version":[{"id":7485,"href":"https:\/\/nbc-ev.de\/en\/wp-json\/wp\/v2\/pages\/1962\/revisions\/7485"}],"wp:attachment":[{"href":"https:\/\/nbc-ev.de\/en\/wp-json\/wp\/v2\/media?parent=1962"}],"curies":[{"name":"wp","href":"https:\/\/api.w.org\/{rel}","templated":true}]}}