{"id":1982,"date":"2023-09-09T10:35:37","date_gmt":"2023-09-09T10:35:37","guid":{"rendered":"https:\/\/dev-nbc-ev.pantheonsite.io\/?page_id=1982"},"modified":"2025-09-15T09:29:37","modified_gmt":"2025-09-15T07:29:37","slug":"hallen","status":"publish","type":"page","link":"https:\/\/nbc-ev.de\/en\/hallen\/","title":{"rendered":"Halls"},"content":{"rendered":"<div data-elementor-type=\"wp-page\" data-elementor-id=\"1982\" class=\"elementor elementor-1982\">\n\t\t\t\t\t\t<section class=\"elementor-section elementor-top-section elementor-element elementor-element-40eac2640 elementor-section-boxed elementor-section-height-default elementor-section-height-default wpr-particle-no wpr-jarallax-no wpr-parallax-no wpr-sticky-section-no\" data-id=\"40eac2640\" data-element_type=\"section\">\n\t\t\t\t\t\t<div class=\"elementor-container elementor-column-gap-default\">\n\t\t\t\t\t<div class=\"elementor-column elementor-col-100 elementor-top-column elementor-element elementor-element-1a489853\" data-id=\"1a489853\" data-element_type=\"column\" data-settings=\"{&quot;background_background&quot;:&quot;gradient&quot;}\">\n\t\t\t<div class=\"elementor-widget-wrap elementor-element-populated\">\n\t\t\t\t\t\t<div class=\"elementor-element elementor-element-2dbb7c1 elementor-widget elementor-widget-heading\" data-id=\"2dbb7c1\" data-element_type=\"widget\" data-widget_type=\"heading.default\">\n\t\t\t\t<div class=\"elementor-widget-container\">\n\t\t\t\t\t<h2 class=\"elementor-heading-title elementor-size-default\">D\u00fcrer Gymnasium\n<\/h2>\t\t\t\t<\/div>\n\t\t\t\t<\/div>\n\t\t\t\t<div class=\"elementor-element elementor-element-1fda073 elementor-widget elementor-widget-text-editor\" data-id=\"1fda073\" data-element_type=\"widget\" data-widget_type=\"text-editor.default\">\n\t\t\t\t<div class=\"elementor-widget-container\">\n\t\t\t\t\t\t\t\t\t<p>D\u00fcrer-Gymnasium, Sielstra\u00dfe 17, 90429 Nuremberg, hall access via Reutersbrunnenstra\u00dfe<\/p>\t\t\t\t\t\t\t\t<\/div>\n\t\t\t\t<\/div>\n\t\t\t\t<div class=\"elementor-element elementor-element-049a5b7 elementor-widget elementor-widget-html\" data-id=\"049a5b7\" data-element_type=\"widget\" data-widget_type=\"html.default\">\n\t\t\t\t<div class=\"elementor-widget-container\">\n\t\t\t\t\t<iframe src=\"https:\/\/www.google.com\/maps\/embed?pb=!1m14!1m8!1m3!1d542.0080818343129!2d11.051357!3d49.455524000000004!3m2!1i1024!2i768!4f13.1!3m3!1m2!1s0x479f565099594a77%3A0x12383160ede19af0!2sDuerer-Gymnasium%20Nuremberg!5e1!3m2!1sen!2sus!4v1699185571428!5m2!1sen!2sus\" width=\"600\" height=\"450\" style=\"border:0;\" allowfullscreen=\"\" loading=\"lazy\" referrerpolicy=\"no-referrer-when-downgrade\"><\/iframe>\t\t\t\t<\/div>\n\t\t\t\t<\/div>\n\t\t\t\t\t<\/div>\n\t\t<\/div>\n\t\t\t\t\t<\/div>\n\t\t<\/section>\n\t\t\t\t<section class=\"elementor-section elementor-top-section elementor-element elementor-element-2503b1ea elementor-section-boxed elementor-section-height-default elementor-section-height-default wpr-particle-no wpr-jarallax-no wpr-parallax-no wpr-sticky-section-no\" data-id=\"2503b1ea\" data-element_type=\"section\" id=\"xs_testi_10\" data-settings=\"{&quot;background_background&quot;:&quot;classic&quot;}\">\n\t\t\t\t\t\t<div class=\"elementor-container elementor-column-gap-default\">\n\t\t\t\t\t<div class=\"elementor-column elementor-col-100 elementor-top-column elementor-element elementor-element-7ddeeb6a\" data-id=\"7ddeeb6a\" data-element_type=\"column\">\n\t\t\t<div class=\"elementor-widget-wrap elementor-element-populated\">\n\t\t\t\t\t\t<section class=\"elementor-section elementor-inner-section elementor-element elementor-element-fe154fa elementor-section-boxed elementor-section-height-default elementor-section-height-default wpr-particle-no wpr-jarallax-no wpr-parallax-no wpr-sticky-section-no\" data-id=\"fe154fa\" data-element_type=\"section\">\n\t\t\t\t\t\t<div class=\"elementor-container elementor-column-gap-default\">\n\t\t\t\t\t<div class=\"elementor-column elementor-col-50 elementor-inner-column elementor-element elementor-element-1bcfd49\" data-id=\"1bcfd49\" data-element_type=\"column\" data-settings=\"{&quot;background_background&quot;:&quot;classic&quot;}\">\n\t\t\t<div class=\"elementor-widget-wrap elementor-element-populated\">\n\t\t\t\t\t\t<div class=\"elementor-element elementor-element-8ba6bea elementor-widget elementor-widget-heading\" data-id=\"8ba6bea\" data-element_type=\"widget\" data-widget_type=\"heading.default\">\n\t\t\t\t<div class=\"elementor-widget-container\">\n\t\t\t\t\t<h2 class=\"elementor-heading-title elementor-size-default\">BBZ (Berufsbildungszentrum N\u00fcrnberg)\n<\/h2>\t\t\t\t<\/div>\n\t\t\t\t<\/div>\n\t\t\t\t<div class=\"elementor-element elementor-element-a0a7b50 elementor-widget elementor-widget-text-editor\" data-id=\"a0a7b50\" data-element_type=\"widget\" data-widget_type=\"text-editor.default\">\n\t\t\t\t<div class=\"elementor-widget-container\">\n\t\t\t\t\t\t\t\t\t<p>Vocational Training Centre, Berliner Platz 24, 90489 Nuremberg.<\/p>\t\t\t\t\t\t\t\t<\/div>\n\t\t\t\t<\/div>\n\t\t\t\t<div class=\"elementor-element elementor-element-145fd85 elementor-widget elementor-widget-html\" data-id=\"145fd85\" data-element_type=\"widget\" data-widget_type=\"html.default\">\n\t\t\t\t<div class=\"elementor-widget-container\">\n\t\t\t\t\t<iframe src=\"https:\/\/www.google.com\/maps\/embed?pb=!1m14!1m8!1m3!1d1083.8291945285048!2d11.096376!3d49.463977!3m2!1i1024!2i768!4f13.1!3m3!1m2!1s0x479f57955abdf77f%3A0x89ae4b3c3ed9a93b!2sBasket%20Court!5e1!3m2!1sen!2sus!4v1699181456893!5m2!1sen!2sus\" width=\"600\" height=\"450\" style=\"border:0;\" allowfullscreen=\"\" loading=\"lazy\" referrerpolicy=\"no-referrer-when-downgrade\"><\/iframe>\t\t\t\t<\/div>\n\t\t\t\t<\/div>\n\t\t\t\t\t<\/div>\n\t\t<\/div>\n\t\t\t\t<div class=\"elementor-column elementor-col-50 elementor-inner-column elementor-element elementor-element-13ad32c\" data-id=\"13ad32c\" data-element_type=\"column\" data-settings=\"{&quot;background_background&quot;:&quot;classic&quot;}\">\n\t\t\t<div class=\"elementor-widget-wrap elementor-element-populated\">\n\t\t\t\t\t\t<div class=\"elementor-element elementor-element-0c884f5 elementor-widget elementor-widget-heading\" data-id=\"0c884f5\" data-element_type=\"widget\" data-widget_type=\"heading.default\">\n\t\t\t\t<div class=\"elementor-widget-container\">\n\t\t\t\t\t<h2 class=\"elementor-heading-title elementor-size-default\">BBS-2 (Bertolt-Brecht-Schule \u2013 2-Fach Halle)\n<\/h2>\t\t\t\t<\/div>\n\t\t\t\t<\/div>\n\t\t\t\t<div class=\"elementor-element elementor-element-d281a55 elementor-widget elementor-widget-text-editor\" data-id=\"d281a55\" data-element_type=\"widget\" data-widget_type=\"text-editor.default\">\n\t\t\t\t<div class=\"elementor-widget-container\">\n\t\t\t\t\t\t\t\t\t<p>Double gymnasium of the Bertolt-Brecht-Gesamtschule, Bertolt-Brecht-Stra\u00dfe 39, 90471 Nuremberg.<\/p>\t\t\t\t\t\t\t\t<\/div>\n\t\t\t\t<\/div>\n\t\t\t\t<div class=\"elementor-element elementor-element-fa013ef elementor-widget elementor-widget-html\" data-id=\"fa013ef\" data-element_type=\"widget\" data-widget_type=\"html.default\">\n\t\t\t\t<div class=\"elementor-widget-container\">\n\t\t\t\t\t<iframe src=\"https:\/\/www.google.com\/maps\/embed?pb=!1m14!1m8!1m3!1d2169.836945185115!2d11.125577000000002!3d49.414715!3m2!1i1024!2i768!4f13.1!3m3!1m2!1s0x479f59eeac3db5e5%3A0xfc9f597abb7a1f2a!2sSportplatz%20Bertolt-Brecht-Schule!5e1!3m2!1sen!2sus!4v1699185838787!5m2!1sen!2sus\" width=\"600\" height=\"450\" style=\"border:0;\" allowfullscreen=\"\" loading=\"lazy\" referrerpolicy=\"no-referrer-when-downgrade\"><\/iframe>\t\t\t\t<\/div>\n\t\t\t\t<\/div>\n\t\t\t\t\t<\/div>\n\t\t<\/div>\n\t\t\t\t\t<\/div>\n\t\t<\/section>\n\t\t\t\t\t<\/div>\n\t\t<\/div>\n\t\t\t\t\t<\/div>\n\t\t<\/section>\n\t\t\t\t<\/div>","protected":false},"excerpt":{"rendered":"<p>D\u00fcrer Gymnasium D\u00fcrer-Gymnasium, Sielstra\u00dfe 17, 90429 N\u00fcrnberg, Hallenzugang \u00fcber Reutersbrunnenstra\u00dfe BBZ (Berufsbildungszentrum N\u00fcrnberg) Berufsbildungszentrum, Berliner Platz 24, 90489 N\u00fcrnberg. BBS-2 (Bertolt-Brecht-Schule \u2013 2-Fach Halle) Zweifachturnhalle der Bertolt-Brecht-Gesamtschule, Bertolt-Brecht-Stra\u00dfe 39, 90471 N\u00fcrnberg.<\/p>","protected":false},"author":2,"featured_media":0,"parent":0,"menu_order":0,"comment_status":"closed","ping_status":"closed","template":"","meta":{"_eb_attr":"","footnotes":""},"class_list":["post-1982","page","type-page","status-publish","hentry"],"rttpg_featured_image_url":null,"rttpg_author":{"display_name":"Mike","author_link":"https:\/\/nbc-ev.de\/en\/author\/mike\/"},"rttpg_comment":0,"rttpg_category":null,"rttpg_excerpt":"D\u00fcrer Gymnasium D\u00fcrer-Gymnasium, Sielstra\u00dfe 17, 90429 N\u00fcrnberg, Hallenzugang \u00fcber Reutersbrunnenstra\u00dfe BBZ (Berufsbildungszentrum N\u00fcrnberg) Berufsbildungszentrum, Berliner Platz 24, 90489 N\u00fcrnberg. BBS-2 (Bertolt-Brecht-Schule \u2013 2-Fach Halle) Zweifachturnhalle der Bertolt-Brecht-Gesamtschule, Bertolt-Brecht-Stra\u00dfe 39, 90471 N\u00fcrnberg.","_links":{"self":[{"href":"https:\/\/nbc-ev.de\/en\/wp-json\/wp\/v2\/pages\/1982","targetHints":{"allow":["GET"]}}],"collection":[{"href":"https:\/\/nbc-ev.de\/en\/wp-json\/wp\/v2\/pages"}],"about":[{"href":"https:\/\/nbc-ev.de\/en\/wp-json\/wp\/v2\/types\/page"}],"author":[{"embeddable":true,"href":"https:\/\/nbc-ev.de\/en\/wp-json\/wp\/v2\/users\/2"}],"replies":[{"embeddable":true,"href":"https:\/\/nbc-ev.de\/en\/wp-json\/wp\/v2\/comments?post=1982"}],"version-history":[{"count":35,"href":"https:\/\/nbc-ev.de\/en\/wp-json\/wp\/v2\/pages\/1982\/revisions"}],"predecessor-version":[{"id":5933,"href":"https:\/\/nbc-ev.de\/en\/wp-json\/wp\/v2\/pages\/1982\/revisions\/5933"}],"wp:attachment":[{"href":"https:\/\/nbc-ev.de\/en\/wp-json\/wp\/v2\/media?parent=1982"}],"curies":[{"name":"wp","href":"https:\/\/api.w.org\/{rel}","templated":true}]}}