{"id":4432,"date":"2023-10-16T08:17:58","date_gmt":"2023-10-16T08:17:58","guid":{"rendered":"https:\/\/dev-nbc-ev.pantheonsite.io\/?page_id=4432"},"modified":"2026-01-07T12:12:59","modified_gmt":"2026-01-07T11:12:59","slug":"become-a-member-2","status":"publish","type":"page","link":"https:\/\/nbc-ev.de\/en\/become-a-member-2\/","title":{"rendered":"BECOME A MEMBER"},"content":{"rendered":"<div data-elementor-type=\"wp-page\" data-elementor-id=\"4432\" class=\"elementor elementor-4432\">\n\t\t\t\t\t\t<section class=\"elementor-section elementor-top-section elementor-element elementor-element-29531b68 elementor-section-full_width elementor-section-content-top elementor-section-height-default elementor-section-height-default wpr-particle-no wpr-jarallax-no wpr-parallax-no wpr-sticky-section-no\" data-id=\"29531b68\" data-element_type=\"section\" data-settings=\"{&quot;background_background&quot;:&quot;classic&quot;}\">\n\t\t\t\t\t\t\t<div class=\"elementor-background-overlay\"><\/div>\n\t\t\t\t\t\t\t<div class=\"elementor-container elementor-column-gap-no\">\n\t\t\t\t\t<div class=\"elementor-column elementor-col-100 elementor-top-column elementor-element elementor-element-68b01013 elementor-invisible\" data-id=\"68b01013\" data-element_type=\"column\" data-settings=\"{&quot;animation&quot;:&quot;fadeIn&quot;}\">\n\t\t\t<div class=\"elementor-widget-wrap elementor-element-populated\">\n\t\t\t\t\t\t<div class=\"elementor-element elementor-element-3005256b elementor-widget elementor-widget-heading\" data-id=\"3005256b\" data-element_type=\"widget\" data-widget_type=\"heading.default\">\n\t\t\t\t<div class=\"elementor-widget-container\">\n\t\t\t\t\t<h3 class=\"elementor-heading-title elementor-size-default\">NBC<\/h3>\t\t\t\t<\/div>\n\t\t\t\t<\/div>\n\t\t\t\t<div class=\"elementor-element elementor-element-3722ccac elementor-widget elementor-widget-heading\" data-id=\"3722ccac\" data-element_type=\"widget\" data-widget_type=\"heading.default\">\n\t\t\t\t<div class=\"elementor-widget-container\">\n\t\t\t\t\t<h4 class=\"elementor-heading-title elementor-size-default\">The first address for basketball in Nuremberg\n\n<\/h4>\t\t\t\t<\/div>\n\t\t\t\t<\/div>\n\t\t\t\t<div class=\"elementor-element elementor-element-6961e685 elementor-widget elementor-widget-heading\" data-id=\"6961e685\" data-element_type=\"widget\" data-widget_type=\"heading.default\">\n\t\t\t\t<div class=\"elementor-widget-container\">\n\t\t\t\t\t<h2 class=\"elementor-heading-title elementor-size-default\">Become a member\n<\/h2>\t\t\t\t<\/div>\n\t\t\t\t<\/div>\n\t\t\t\t<div class=\"elementor-element elementor-element-57a80d0 elementor-widget elementor-widget-text-editor\" data-id=\"57a80d0\" data-element_type=\"widget\" data-widget_type=\"text-editor.default\">\n\t\t\t\t<div class=\"elementor-widget-container\">\n\t\t\t\t\t\t\t\t\t<p>One sport, one club, over 10 teams and lots of enthusiastic basketball players. The NBC e.V. is one of the most traditional basketball clubs in Middle Franconia and offers both young and old the opportunity to play their favourite sport in a healthy environment.<\/p>\t\t\t\t\t\t\t\t<\/div>\n\t\t\t\t<\/div>\n\t\t\t\t<div class=\"elementor-element elementor-element-5274985 elementor-widget elementor-widget-text-editor\" data-id=\"5274985\" data-element_type=\"widget\" data-widget_type=\"text-editor.default\">\n\t\t\t\t<div class=\"elementor-widget-container\">\n\t\t\t\t\t\t\t\t\t<p>This is how you can join the NBC:<\/p><ol><li><a href=\"https:\/\/nbc-ev.de\/wp-content\/uploads\/2026\/01\/Aufnahmeantrag_NBC_eV_2026-01-01.pdf\">Download the membership application form<\/a>\u00a0(PDF)<\/li><li>Den Antrag am PC ausf\u00fcllen und ausdrucken<\/li><li>Do not forget personal signatures (for minors, signatures of the legal guardian)!<\/li><li>Den Antrag mit Passbildern und Ausweiskopie pers\u00f6nlich einem Trainer geben oder auf dem Postweg einschicken an<\/li><\/ol>\t\t\t\t\t\t\t\t<\/div>\n\t\t\t\t<\/div>\n\t\t\t\t<div class=\"elementor-element elementor-element-f601ca2 elementor-widget elementor-widget-heading\" data-id=\"f601ca2\" data-element_type=\"widget\" data-widget_type=\"heading.default\">\n\t\t\t\t<div class=\"elementor-widget-container\">\n\t\t\t\t\t<h2 class=\"elementor-heading-title elementor-size-default\">N\u00fcrnberger Basketball Club e.V.\nHeidestr. 21\n90451 N\u00fcrnberg<\/h2>\t\t\t\t<\/div>\n\t\t\t\t<\/div>\n\t\t\t\t<div class=\"elementor-element elementor-element-9684ce8 elementor-widget elementor-widget-text-editor\" data-id=\"9684ce8\" data-element_type=\"widget\" data-widget_type=\"text-editor.default\">\n\t\t\t\t<div class=\"elementor-widget-container\">\n\t\t\t\t\t\t\t\t\t<p>Once we have received your application, we will inform you immediately about the status of your membership.<\/p><p>If you decide to join us, we thank you very much and welcome you to the NBC family!<\/p><p>Der Mitgliedsbeitrag kann auch mit BuT-Gutscheinen (Bildung und Teilhabe) beglichen werden.<\/p>\t\t\t\t\t\t\t\t<\/div>\n\t\t\t\t<\/div>\n\t\t\t\t<div class=\"elementor-element elementor-element-3e16887 elementor-widget elementor-widget-text-editor\" data-id=\"3e16887\" data-element_type=\"widget\" data-widget_type=\"text-editor.default\">\n\t\t\t\t<div class=\"elementor-widget-container\">\n\t\t\t\t\t\t\t\t\t<p><a href=\"https:\/\/nbc-ev.de\/en\/satzung-nuernberger-basketball-club-e-v\/\">Articles of Association NBC e.V.<\/a><\/p><p><a href=\"https:\/\/nbc-ev.de\/wp-content\/uploads\/2024\/10\/Beitragsordnung_NBC_eV_2025.pdf\">NBC e.V. contribution regulations<\/a><\/p>\t\t\t\t\t\t\t\t<\/div>\n\t\t\t\t<\/div>\n\t\t\t\t\t<\/div>\n\t\t<\/div>\n\t\t\t\t\t<\/div>\n\t\t<\/section>\n\t\t\t\t<\/div>","protected":false},"excerpt":{"rendered":"<p>NBC Die erste Adresse f\u00fcr Basketball in N\u00fcrnberg Mitglied werden Eine Sportart, ein Verein, \u00fcber 10 Teams und jede Menge begeisterte Basketballspieler. Der NBC e.V. ist einer der traditionsreichsten Basketballvereine in Mittelfranken und bietet Jung wie Alt die M\u00f6glichkeit den Lieblingssport in einem gesunden Umfeld auszu\u00fcben. So kannst du dem NBC beitreten: Den Mitgliedsantrag herunterladen\u00a0(PDF) Den Antrag am PC ausf\u00fcllen und ausdrucken Pers\u00f6nliche Unterschriften nicht vergessen (bei Minderj\u00e4hrigen Unterschriften des Erziehungsberechtigten)! Den Antrag mit Passbildern und Ausweiskopie pers\u00f6nlich einem Trainer geben oder auf dem Postweg einschicken an N\u00fcrnberger Basketball Club e.V. Heidestr. 21 90451 N\u00fcrnberg Nach dem Eingang des Antrags informieren wir dich umgehend \u00fcber den Stand deiner Mitgliedschaft. Solltest du dich f\u00fcr uns entscheiden, danken wir recht herzlich und hei\u00dfen dich in der NBC Familie willkommen! Der Mitgliedsbeitrag kann auch mit BuT-Gutscheinen (Bildung und Teilhabe) beglichen werden. Satzung NBC e.V. Beitragsordnung NBC e.V.<\/p>","protected":false},"author":2,"featured_media":0,"parent":0,"menu_order":0,"comment_status":"closed","ping_status":"closed","template":"elementor_canvas","meta":{"_eb_attr":"","footnotes":""},"class_list":["post-4432","page","type-page","status-publish","hentry"],"rttpg_featured_image_url":null,"rttpg_author":{"display_name":"Mike","author_link":"https:\/\/nbc-ev.de\/en\/author\/mike\/"},"rttpg_comment":0,"rttpg_category":null,"rttpg_excerpt":"NBC Die erste Adresse f\u00fcr Basketball in N\u00fcrnberg Mitglied werden Eine Sportart, ein Verein, \u00fcber 10 Teams und jede Menge begeisterte Basketballspieler. Der NBC e.V. ist einer der traditionsreichsten Basketballvereine in Mittelfranken und bietet Jung wie Alt die M\u00f6glichkeit den Lieblingssport in einem gesunden Umfeld auszu\u00fcben. So kannst du dem NBC beitreten: Den Mitgliedsantrag herunterladen\u00a0(PDF)&hellip;","_links":{"self":[{"href":"https:\/\/nbc-ev.de\/en\/wp-json\/wp\/v2\/pages\/4432","targetHints":{"allow":["GET"]}}],"collection":[{"href":"https:\/\/nbc-ev.de\/en\/wp-json\/wp\/v2\/pages"}],"about":[{"href":"https:\/\/nbc-ev.de\/en\/wp-json\/wp\/v2\/types\/page"}],"author":[{"embeddable":true,"href":"https:\/\/nbc-ev.de\/en\/wp-json\/wp\/v2\/users\/2"}],"replies":[{"embeddable":true,"href":"https:\/\/nbc-ev.de\/en\/wp-json\/wp\/v2\/comments?post=4432"}],"version-history":[{"count":97,"href":"https:\/\/nbc-ev.de\/en\/wp-json\/wp\/v2\/pages\/4432\/revisions"}],"predecessor-version":[{"id":7521,"href":"https:\/\/nbc-ev.de\/en\/wp-json\/wp\/v2\/pages\/4432\/revisions\/7521"}],"wp:attachment":[{"href":"https:\/\/nbc-ev.de\/en\/wp-json\/wp\/v2\/media?parent=4432"}],"curies":[{"name":"wp","href":"https:\/\/api.w.org\/{rel}","templated":true}]}}