{"id":4775,"date":"2023-11-05T17:31:20","date_gmt":"2023-11-05T17:31:20","guid":{"rendered":"https:\/\/dev-nbc-ev.pantheonsite.io\/?page_id=4775"},"modified":"2025-09-15T09:31:41","modified_gmt":"2025-09-15T07:31:41","slug":"uber-uns","status":"publish","type":"page","link":"https:\/\/nbc-ev.de\/en\/uber-uns\/","title":{"rendered":"About Us"},"content":{"rendered":"<div data-elementor-type=\"wp-page\" data-elementor-id=\"4775\" class=\"elementor elementor-4775\">\n\t\t\t\t\t\t<section class=\"elementor-section elementor-top-section elementor-element elementor-element-6ea1f223 elementor-section-boxed elementor-section-height-default elementor-section-height-default wpr-particle-no wpr-jarallax-no wpr-parallax-no wpr-sticky-section-no\" data-id=\"6ea1f223\" data-element_type=\"section\" data-settings=\"{&quot;background_background&quot;:&quot;classic&quot;}\">\n\t\t\t\t\t\t\t<div class=\"elementor-background-overlay\"><\/div>\n\t\t\t\t\t\t\t<div class=\"elementor-container elementor-column-gap-no\">\n\t\t\t\t\t<div class=\"elementor-column elementor-col-100 elementor-top-column elementor-element elementor-element-26bd2ed3\" data-id=\"26bd2ed3\" data-element_type=\"column\">\n\t\t\t<div class=\"elementor-widget-wrap elementor-element-populated\">\n\t\t\t\t\t\t<div class=\"elementor-element elementor-element-e55806b elementor-widget elementor-widget-heading\" data-id=\"e55806b\" data-element_type=\"widget\" data-widget_type=\"heading.default\">\n\t\t\t\t<div class=\"elementor-widget-container\">\n\t\t\t\t\t<h2 class=\"elementor-heading-title elementor-size-default\">GESCHICHTE DES N\u00dcRNBERGER bASKETBALL CLUBS<\/h2>\t\t\t\t<\/div>\n\t\t\t\t<\/div>\n\t\t\t\t\t<\/div>\n\t\t<\/div>\n\t\t\t\t\t<\/div>\n\t\t<\/section>\n\t\t\t\t<section class=\"elementor-section elementor-top-section elementor-element elementor-element-71c23fbb elementor-section-boxed elementor-section-height-default elementor-section-height-default wpr-particle-no wpr-jarallax-no wpr-parallax-no wpr-sticky-section-no\" data-id=\"71c23fbb\" data-element_type=\"section\" data-settings=\"{&quot;background_background&quot;:&quot;classic&quot;}\">\n\t\t\t\t\t\t<div class=\"elementor-container elementor-column-gap-no\">\n\t\t\t\t\t<div class=\"elementor-column elementor-col-100 elementor-top-column elementor-element elementor-element-27b4c4b6\" data-id=\"27b4c4b6\" data-element_type=\"column\">\n\t\t\t<div class=\"elementor-widget-wrap elementor-element-populated\">\n\t\t\t\t\t\t<div class=\"elementor-element elementor-element-492bf2a7 elementor-invisible elementor-widget elementor-widget-heading\" data-id=\"492bf2a7\" data-element_type=\"widget\" data-settings=\"{&quot;_animation&quot;:&quot;fadeInDown&quot;}\" data-widget_type=\"heading.default\">\n\t\t\t\t<div class=\"elementor-widget-container\">\n\t\t\t\t\t<h2 class=\"elementor-heading-title elementor-size-default\">DJK Falke N\u00fcrnberg<\/h2>\t\t\t\t<\/div>\n\t\t\t\t<\/div>\n\t\t\t\t<div class=\"elementor-element elementor-element-82ea7b elementor-invisible elementor-widget elementor-widget-text-editor\" data-id=\"82ea7b\" data-element_type=\"widget\" data-settings=\"{&quot;_animation&quot;:&quot;fadeInUp&quot;}\" data-widget_type=\"text-editor.default\">\n\t\t\t\t<div class=\"elementor-widget-container\">\n\t\t\t\t\t\t\t\t\t<p class=\"translation-block\">The origins of the NBC e.V. lie in the basketball department of <strong>DJK Falke N\u00fcrnberg e.V. <\/strong>(founded in 1922), which was founded in 1967 and headed by Fritz B\u00f6hme for many years.<\/p><p>The sporting development there led to the second Bundesliga in 1996 and then to the insolvency of Falke-Basket GmbH in 2001, with the result that the licence for the 2nd Bundesliga that had been won at the time could not be applied for. After a long and tough struggle, an agreement was reached for the 2001\/02 season with a new sponsor and NorisBasket GmbH.<\/p>\t\t\t\t\t\t\t\t<\/div>\n\t\t\t\t<\/div>\n\t\t\t\t<div class=\"elementor-element elementor-element-5742f45 elementor-invisible elementor-widget elementor-widget-text-editor\" data-id=\"5742f45\" data-element_type=\"widget\" data-settings=\"{&quot;_animation&quot;:&quot;fadeInUp&quot;}\" data-widget_type=\"text-editor.default\">\n\t\t\t\t<div class=\"elementor-widget-container\">\n\t\t\t\t\t\t\t\t\t<p>However, the grassroots sport of the basketball department, with its 270 members, had since been burdened with this stigma from the professional sector and was no longer sufficiently supported by the main club. As a result, the conviction gradually grew that both sporting and financial development could be better realised in a separate club. As early as 2002, a basketball-only club was founded as a preventative measure. <strong>Basketball-Club N\u00fcrnberg (BBC N\u00fcrnberg)<\/strong>with the 1st board member, Michael Adamczewski.<br \/>In May 2003, the members of DJK Falke's basketball department moved to Basketball-Club N\u00fcrnberg. Unfortunately, this meant that all the sporting successes of the amateurs in the 2003\/04 season had to be regained and all the equipment (e.g. balls, jerseys, etc.) had to be purchased again.<\/p>\t\t\t\t\t\t\t\t<\/div>\n\t\t\t\t<\/div>\n\t\t\t\t\t<\/div>\n\t\t<\/div>\n\t\t\t\t\t<\/div>\n\t\t<\/section>\n\t\t\t\t<section class=\"elementor-section elementor-top-section elementor-element elementor-element-49595a7 elementor-section-boxed elementor-section-height-default elementor-section-height-default wpr-particle-no wpr-jarallax-no wpr-parallax-no wpr-sticky-section-no elementor-invisible\" data-id=\"49595a7\" data-element_type=\"section\" data-settings=\"{&quot;background_background&quot;:&quot;classic&quot;,&quot;animation&quot;:&quot;zoomInDown&quot;}\">\n\t\t\t\t\t\t<div class=\"elementor-container elementor-column-gap-no\">\n\t\t\t\t\t<div class=\"elementor-column elementor-col-100 elementor-top-column elementor-element elementor-element-7ac2b09\" data-id=\"7ac2b09\" data-element_type=\"column\">\n\t\t\t<div class=\"elementor-widget-wrap elementor-element-populated\">\n\t\t\t\t\t\t<div class=\"elementor-element elementor-element-49368cf elementor-invisible elementor-widget elementor-widget-heading\" data-id=\"49368cf\" data-element_type=\"widget\" data-settings=\"{&quot;_animation&quot;:&quot;fadeInDown&quot;}\" data-widget_type=\"heading.default\">\n\t\t\t\t<div class=\"elementor-widget-container\">\n\t\t\t\t\t<h2 class=\"elementor-heading-title elementor-size-default\">Basketball Club Nuremberg <\/h2>\t\t\t\t<\/div>\n\t\t\t\t<\/div>\n\t\t\t\t<div class=\"elementor-element elementor-element-adb4e33 elementor-invisible elementor-widget elementor-widget-text-editor\" data-id=\"adb4e33\" data-element_type=\"widget\" data-settings=\"{&quot;_animation&quot;:&quot;fadeInUp&quot;}\" data-widget_type=\"text-editor.default\">\n\t\t\t\t<div class=\"elementor-widget-container\">\n\t\t\t\t\t\t\t\t\t<p class=\"translation-block\">Sporting development in the entire district of Middle Franconia was also to be better realised through a performance structure, and so the <strong>FRANKEN HEXER<\/strong> were founded in 2002 with board members Herbert Geish\u00f6fer and Michael Adamczewski<\/p>\t\t\t\t\t\t\t\t<\/div>\n\t\t\t\t<\/div>\n\t\t\t\t\t<\/div>\n\t\t<\/div>\n\t\t\t\t\t<\/div>\n\t\t<\/section>\n\t\t\t\t<section class=\"elementor-section elementor-top-section elementor-element elementor-element-834bf74 elementor-section-boxed elementor-section-height-default elementor-section-height-default wpr-particle-no wpr-jarallax-no wpr-parallax-no wpr-sticky-section-no elementor-invisible\" data-id=\"834bf74\" data-element_type=\"section\" data-settings=\"{&quot;background_background&quot;:&quot;classic&quot;,&quot;animation&quot;:&quot;zoomInDown&quot;}\">\n\t\t\t\t\t\t<div class=\"elementor-container elementor-column-gap-no\">\n\t\t\t\t\t<div class=\"elementor-column elementor-col-100 elementor-top-column elementor-element elementor-element-0bae963\" data-id=\"0bae963\" data-element_type=\"column\">\n\t\t\t<div class=\"elementor-widget-wrap elementor-element-populated\">\n\t\t\t\t\t\t<div class=\"elementor-element elementor-element-33823b7 elementor-invisible elementor-widget elementor-widget-heading\" data-id=\"33823b7\" data-element_type=\"widget\" data-settings=\"{&quot;_animation&quot;:&quot;fadeInDown&quot;}\" data-widget_type=\"heading.default\">\n\t\t\t\t<div class=\"elementor-widget-container\">\n\t\t\t\t\t<h2 class=\"elementor-heading-title elementor-size-default\">Franken Hexer<\/h2>\t\t\t\t<\/div>\n\t\t\t\t<\/div>\n\t\t\t\t<div class=\"elementor-element elementor-element-bfedc98 elementor-invisible elementor-widget elementor-widget-text-editor\" data-id=\"bfedc98\" data-element_type=\"widget\" data-settings=\"{&quot;_animation&quot;:&quot;fadeInUp&quot;}\" data-widget_type=\"text-editor.default\">\n\t\t\t\t<div class=\"elementor-widget-container\">\n\t\t\t\t\t\t\t\t\t<p>The Franken Hexer started as a \"joint project between several clubs in Central Franconia to promote young basketball talent\". The newly founded club began with a men's team in the lowest league (district division) as well as a male U16 and U18 team. The men's teams were also explicitly designed for young players.<\/p><p>In just its second season, the U16 men's team came fourth at the German Championships with players including <a href=\"https:\/\/de.wikipedia.org\/wiki\/Sajmen_Hauer\">Sajmen Hauer<\/a> and <a href=\"https:\/\/de.wikipedia.org\/wiki\/Bastian_Doreth\">Bastian Doreth<\/a>. From this point onwards, the Hexers regularly sent players to the junior national teams. This was followed by numerous promotions of the men's team up to the 2nd regional league in the following seasons. In the 2006\/2007 season, the club was also a founding member of the Junior Basketball Bundesliga(<a href=\"https:\/\/de.wikipedia.org\/wiki\/NBBL\">NBBL<\/a>), 2009 also in the <a href=\"https:\/\/de.wikipedia.org\/wiki\/JBBL\">JBBL<\/a>. Following Falke's relegation to the ProB, the Hexers took over their team for the 2008\/2009 season as well as the second division licence, which had in the meantime ended up with Franken 1st N\u00fcrnberg Basketballgesellschaft mbH. The second division team operated under the name Franken Hexer.<\/p><p>As Brose Baskets Bamberg's financial commitment to the ProB team from Nuremberg was deemed insufficient, professional basketball in Nuremberg was on the brink of collapse during the 2009 summer break. It was only after a new main sponsor was found shortly before the start of the season that the team's return to the ProB was finalised. As a result, the professional team was transferred to N\u00fcrnberger Basketballclub NBC GmbH. All other teams continued to compete as Franken Hexer in close co-operation with NBC GmbH.<\/p><p>Im Mai 2010 fand ein Verschmelzungsvertrag zwischen dem BBC N\u00fcrnberg e.V. und den Franken Hexer e.V. unter neuem Namen statt:<\/p>\t\t\t\t\t\t\t\t<\/div>\n\t\t\t\t<\/div>\n\t\t\t\t\t<\/div>\n\t\t<\/div>\n\t\t\t\t\t<\/div>\n\t\t<\/section>\n\t\t\t\t<section class=\"elementor-section elementor-top-section elementor-element elementor-element-6a39198 elementor-section-boxed elementor-section-height-default elementor-section-height-default wpr-particle-no wpr-jarallax-no wpr-parallax-no wpr-sticky-section-no elementor-invisible\" data-id=\"6a39198\" data-element_type=\"section\" data-settings=\"{&quot;background_background&quot;:&quot;classic&quot;,&quot;animation&quot;:&quot;zoomInDown&quot;}\">\n\t\t\t\t\t\t<div class=\"elementor-container elementor-column-gap-no\">\n\t\t\t\t\t<div class=\"elementor-column elementor-col-100 elementor-top-column elementor-element elementor-element-ee61788\" data-id=\"ee61788\" data-element_type=\"column\">\n\t\t\t<div class=\"elementor-widget-wrap elementor-element-populated\">\n\t\t\t\t\t\t<div class=\"elementor-element elementor-element-114c5f0 elementor-invisible elementor-widget elementor-widget-heading\" data-id=\"114c5f0\" data-element_type=\"widget\" data-settings=\"{&quot;_animation&quot;:&quot;fadeInDown&quot;}\" data-widget_type=\"heading.default\">\n\t\t\t\t<div class=\"elementor-widget-container\">\n\t\t\t\t\t<h2 class=\"elementor-heading-title elementor-size-default\">N\u00fcrnberger Basketball Club<\/h2>\t\t\t\t<\/div>\n\t\t\t\t<\/div>\n\t\t\t\t<div class=\"elementor-element elementor-element-81027d9 elementor-invisible elementor-widget elementor-widget-text-editor\" data-id=\"81027d9\" data-element_type=\"widget\" data-settings=\"{&quot;_animation&quot;:&quot;fadeInUp&quot;}\" data-widget_type=\"text-editor.default\">\n\t\t\t\t<div class=\"elementor-widget-container\">\n\t\t\t\t\t\t\t\t\t<p>This was also intended to put an end to the \"name confusion\" and give professional basketball in Nuremberg a solid basis in popular sport. This was consolidated with corresponding cooperation agreements between the NBC e.V. and the professional team of the same name in NBC GmbH.<\/p><p>In June 2016, the main sponsor unexpectedly withdrew and professional basketball in Nuremberg came to an abrupt end. The JBBL and NBBL licences were transferred to NBC e.V. as a precaution. Contrary to initial reports, the decision was made at the beginning of July to continue the professional team under the name N\u00fcrnberg Falcons BC from the 2016\/17 season onwards, allowing the licence of N\u00fcrnberger Basketball GmbH to be transferred to the newly founded N\u00fcrnberg Falcons BC GmbH.<\/p>\t\t\t\t\t\t\t\t<\/div>\n\t\t\t\t<\/div>\n\t\t\t\t<div class=\"elementor-element elementor-element-7f3c7f3 elementor-invisible elementor-widget elementor-widget-text-editor\" data-id=\"7f3c7f3\" data-element_type=\"widget\" data-settings=\"{&quot;_animation&quot;:&quot;fadeInUp&quot;}\" data-widget_type=\"text-editor.default\">\n\t\t\t\t<div class=\"elementor-widget-container\">\n\t\t\t\t\t\t\t\t\t<p>Last but not least, the hall problems in Nuremberg were the cause of this unpleasant development. The hall at the Vocational Training Centre (BBZ) no longer met the requirements of the Bundesliga and, after a long struggle, a temporary solution for the new season was found at Nuremberg Airport in the form of a movable tent-like event hall. The sporting promotion to the Bundesliga 1 could not be realised in 2019 because the general conditions were inadequate. However, this increased the pressure on the city of Nuremberg to finally build an adequate venue in Nuremberg, which actually materialised in 2021 with the KIA Metropol Arena.<br \/>At the start of the 2019\/20 season, the Nuremberg Falcons announced that they had concluded a cooperation agreement with the Tornados Franken in the youth sector. The NBBL licence was then transferred from the NBC e.V. to the N\u00fcrnberg Falcons and only the JBBL was continued in the NBC e.V.<br \/>The cooperation agreement concluded between NBC e.V. and N\u00fcrnberg Falcons BC GmbH in June 2016 was then terminated by the Falcons' managing director on 30 June 2020.<\/p><h4>The 2020\/21 season was affected by the coronavirus pandemic, which caused major problems for the club and all sports activities. Not least because of this, the JBBL could no longer be maintained at the NBC.<\/h4><h4>\u00a0<\/h4><p>\u00a0<\/p><p>\u00a0<\/p><p>\u00a0<\/p>\t\t\t\t\t\t\t\t<\/div>\n\t\t\t\t<\/div>\n\t\t\t\t\t<\/div>\n\t\t<\/div>\n\t\t\t\t\t<\/div>\n\t\t<\/section>\n\t\t\t\t<section class=\"elementor-section elementor-top-section elementor-element elementor-element-368117f6 elementor-section-boxed elementor-section-height-default elementor-section-height-default wpr-particle-no wpr-jarallax-no wpr-parallax-no wpr-sticky-section-no\" data-id=\"368117f6\" data-element_type=\"section\" data-settings=\"{&quot;background_background&quot;:&quot;classic&quot;}\">\n\t\t\t\t\t\t\t<div class=\"elementor-background-overlay\"><\/div>\n\t\t\t\t\t\t\t<div class=\"elementor-container elementor-column-gap-no\">\n\t\t\t\t\t<div class=\"elementor-column elementor-col-100 elementor-top-column elementor-element elementor-element-1a5f97f5\" data-id=\"1a5f97f5\" data-element_type=\"column\">\n\t\t\t<div class=\"elementor-widget-wrap elementor-element-populated\">\n\t\t\t\t\t\t<div class=\"elementor-element elementor-element-168dfd7 elementor-widget elementor-widget-heading\" data-id=\"168dfd7\" data-element_type=\"widget\" data-widget_type=\"heading.default\">\n\t\t\t\t<div class=\"elementor-widget-container\">\n\t\t\t\t\t<h2 class=\"elementor-heading-title elementor-size-default\">N\u00fcrnberger Basketball Club<\/h2>\t\t\t\t<\/div>\n\t\t\t\t<\/div>\n\t\t\t\t<div class=\"elementor-element elementor-element-3e8e016 elementor-widget elementor-widget-text-editor\" data-id=\"3e8e016\" data-element_type=\"widget\" data-widget_type=\"text-editor.default\">\n\t\t\t\t<div class=\"elementor-widget-container\">\n\t\t\t\t\t\t\t\t\t<p>The first address for basketball in Nuremberg<\/p>\t\t\t\t\t\t\t\t<\/div>\n\t\t\t\t<\/div>\n\t\t\t\t\t<\/div>\n\t\t<\/div>\n\t\t\t\t\t<\/div>\n\t\t<\/section>\n\t\t\t\t<section class=\"elementor-section elementor-top-section elementor-element elementor-element-1801110 elementor-section-boxed elementor-section-height-default elementor-section-height-default wpr-particle-no wpr-jarallax-no wpr-parallax-no wpr-sticky-section-no\" data-id=\"1801110\" data-element_type=\"section\">\n\t\t\t\t\t\t<div class=\"elementor-container elementor-column-gap-default\">\n\t\t\t\t\t<div class=\"elementor-column elementor-col-100 elementor-top-column elementor-element elementor-element-5c1ca12\" data-id=\"5c1ca12\" data-element_type=\"column\">\n\t\t\t<div class=\"elementor-widget-wrap\">\n\t\t\t\t\t\t\t<\/div>\n\t\t<\/div>\n\t\t\t\t\t<\/div>\n\t\t<\/section>\n\t\t\t\t<\/div>","protected":false},"excerpt":{"rendered":"<p>GESCHICHTE DES N\u00dcRNBERGER bASKETBALL CLUBS DJK Falke N\u00fcrnberg Der Ursprung\/Herkunft des NBC e.V. lag bei der 1967 gegr\u00fcndeten Basketballabteilung der DJK Falke N\u00fcrnberg e.V. (gegr\u00fcndet 1922) mit Fritz B\u00f6hme als langj\u00e4hrigen Abteilungsleiter. Die sportliche Entwicklung f\u00fchrte dort bis in die zweite Bundesliga im Jahr 1996 und dann aber 2001 in die Insolvenz der Falke-Basket GmbH mit der Folge, dass die damalige sportlich errungene Lizenz f\u00fcr die 2. Bundesliga nicht angetreten werden konnte. Nach langem z\u00e4hem Ringen kam es dann doch noch zu einer Einigung f\u00fcr die Saison 2001\/02 mit neuem Sponsor und der NorisBasket GmbH. Der Breitensport der Basketballabteilung mit seinen 270 Mitgliedern war seitdem aber mit diesem Makel aus dem Profi-Bereich belastet und wurde vom Hauptverein nicht mehr ausreichend unterst\u00fctzt. Deshalb reifte allm\u00e4hlich die \u00dcberzeugung, dass sowohl die sportliche als auch die finanzielle Entwicklung besser in einem eigenen Verein realisiert werden kann. Bereits im Jahr 2002 wurde pr\u00e4ventiv ein reiner Basketballverein gegr\u00fcndet, der Basketball-Club N\u00fcrnberg (BBC N\u00fcrnberg), mit dem 1. Vorstand, Michael Adamczewski.Im Mai 2003 wechselten die Mitglieder der Basketballabteilung von DJK Falke zum Basketball-Club N\u00fcrnberg. Leider mussten dadurch s\u00e4mtliche sportlichen Erfolge in der Saison 2003\/04 der Amateure neu errungen werden, und auch die komplette Ausr\u00fcstung (z.B. B\u00e4lle, Trikots\u2026) neu beschafft werden. Basketball-Club N\u00fcrnberg Auch die sportliche Entwicklung im ganzen Bezirk Mittelfranken sollte \u00fcber ein Leistungskonstrukt besser umgesetzt werden k\u00f6nnen und so wurden die FRANKEN HEXER im Jahr 2002 gegr\u00fcndet, mit den Vorst\u00e4nden Herbert Geish\u00f6fer und Michael Adamczewski Franken Hexer Die Franken Hexer starteten als &#8222;gemeinsames Projekt mehrerer mittelfr\u00e4nkischer Vereine zur F\u00f6rderung junger Basketballtalente&#8220;. Der neu gegr\u00fcndete Verein begann mit einem M\u00e4nnerteam in der untersten Liga (Bezirksklasse) sowie einem m\u00e4nnlichen U16- und U18-Team. Auch die M\u00e4nnermannschaften waren explizit f\u00fcr junge Spieler bestimmt. Bereits in der zweiten Spielzeit gelang der m\u00e4nnlichen U16 der vierte Platz bei den Deutschen Meisterschaften u.\u00a0a. mit den Spielern Sajmen Hauer und Bastian Doreth. Ab diesem Zeitpunkt entsendeten die Hexer regelm\u00e4\u00dfig Spieler in die Nachwuchsnationalmannschaften. Es folgten in den kommenden Spielzeiten zahlreiche Aufstiege der Herrenmannschaft bis in die 2. Regionalliga. In der Spielzeit 2006\/2007 war der Verein zudem Gr\u00fcndungsmitglied der Nachwuchs-Basketball-Bundesliga (NBBL), 2009 auch in der JBBL. Nach dem Abstieg von Falke in die ProB \u00fcbernahmen die Hexer zur Saison 2008\/2009 deren Mannschaft sowie die Zweitligalizenz, die zwischenzeitlich bei der Franken 1st N\u00fcrnberg Basketballgesellschaft mbH gelandet war. Die Zweitligamannschaft lief unter dem Namen Franken Hexer. Da das finanzielle Engagement der Brose Baskets Bamberg f\u00fcr die ProB-Mannschaft aus N\u00fcrnberg als nicht ausreichend angesehen wurde, stand der N\u00fcrnberger Profibasketball in der Sommerpause 2009 vor dem Aus. Erst nachdem kurz vor Saisonbeginn ein neuer Hauptsponsor gefunden wurde, stand der erneute Start in der ProB fest. Infolgedessen wurde das Profiteam in die N\u00fcrnberger Basketballclub NBC GmbH \u00fcberf\u00fchrt. Alle anderen Mannschaften gingen nach wie vor als Franken Hexer in enger Kooperation mit der NBC GmbH an den Start. Im Mai 2010 fand ein Verschmelzungsvertrag zwischen dem BBC N\u00fcrnberg e.V. und den Franken Hexer e.V. unter neuem Namen statt: N\u00fcrnberger Basketball Club Dem \u201eNamenswirrwarr\u201c sollte dadurch auch ein Ende bereitet werden und der Profi-Basketball in N\u00fcrnberg eine solide Basis im Breitensport haben. Dies wurde mit entsprechenden Kooperationsvertr\u00e4gen zwischen dem NBC e.V. und dem gleichlautenden\u00a0 Profi-Team in der NBC GmbH gefestigt. im Juni 2016 zog sich der Hauptsponsor \u00fcberraschend zur\u00fcck und es drohte ein j\u00e4hes Ende des Profi-Basketballs in N\u00fcrnberg. Die Lizenzen der JBBL und NBBL wurden sicherheitshalber auf den NBC e.V \u00fcbertragen. Entgegen ersten Meldungen entschied man sich Anfang Juli zum Fortbestehen der Profi-Mannschaft unter dem Namen N\u00fcrnberg Falcons BC ab der Saison 2016\/17. Dadurch konnte die Lizenz der N\u00fcrnberger Basketball GmbH auf die neu gegr\u00fcndete N\u00fcrnberg Falcons BC GmbH \u00fcbertragen werden. Nicht zuletzt waren die Hallenprobleme in N\u00fcrnberg die Ursache f\u00fcr diese unerfreuliche Entwicklung. Die Halle am Berufsbildungszentrum (BBZ) entsprach nicht mehr den Anforderungen in der Bundesliga und nach langem z\u00e4hem Ringen konnte am Flughafen in N\u00fcrnberg mit einer beweglichen zeltartigen Veranstaltungshalle eine \u00dcbergangsl\u00f6sung f\u00fcr die neue Spielsaison gefunden werden. Der sportliche Aufstieg in die 1. Bundesliga konnte 2019 nicht wahrgenommen werden, weil die Rahmenbedingungen unzureichend waren. Dies erh\u00f6ht jedoch den Druck auf die Stadt N\u00fcrnberg, endlich eine ad\u00e4quate Spielst\u00e4tte in N\u00fcrnberg zu errichten, was tats\u00e4chlich im Jahr 2021 mit der KIA Metropol Arena Wirklichkeit wurde.Bereits zu Beginn der Saison 2019\/20 gaben die N\u00fcrnberg Falcons bekannt, einen Kooperationsvertrag im Jugendbereich mit den Tornados Franken abgeschlossen zu haben. Die Lizenz der NBBL wurde daraufhin vom NBC e.V. auf die N\u00fcrnberg Falcons \u00fcbertragen und nur noch die JBBL im NBC e.V. weitergef\u00fchrt.Der im Juni 2016 geschlossene Kooperationsvertrages zwischen NBC e.V. und N\u00fcrnberg Falcons BC GmbH wurde dann zum 30. Juni 2020 vom Gesch\u00e4ftsf\u00fchrer der Falcons gek\u00fcndigt. Die Saison 2020\/21 stand unter der Beeintr\u00e4chtigung der Corona-Pandemie, was dem Verein und allen Sportaktivit\u00e4ten gro\u00dfe Probleme bereitete. Nicht zuletzt deswegen konnte auch die JBBL sportlich nicht mehr l\u00e4nger beim NBC aufrechterhalten werden. \u00a0 \u00a0 \u00a0 \u00a0 N\u00fcrnberger Basketball Club Die erste Adresse f\u00fcr Basketball in N\u00fcrnberg<\/p>","protected":false},"author":2,"featured_media":0,"parent":0,"menu_order":0,"comment_status":"closed","ping_status":"closed","template":"","meta":{"_eb_attr":"","footnotes":""},"class_list":["post-4775","page","type-page","status-publish","hentry"],"rttpg_featured_image_url":null,"rttpg_author":{"display_name":"Mike","author_link":"https:\/\/nbc-ev.de\/en\/author\/mike\/"},"rttpg_comment":0,"rttpg_category":null,"rttpg_excerpt":"GESCHICHTE DES N\u00dcRNBERGER bASKETBALL CLUBS DJK Falke N\u00fcrnberg Der Ursprung\/Herkunft des NBC e.V. lag bei der 1967 gegr\u00fcndeten Basketballabteilung der DJK Falke N\u00fcrnberg e.V. (gegr\u00fcndet 1922) mit Fritz B\u00f6hme als langj\u00e4hrigen Abteilungsleiter. Die sportliche Entwicklung f\u00fchrte dort bis in die zweite Bundesliga im Jahr 1996 und dann aber 2001 in die Insolvenz der Falke-Basket GmbH&hellip;","_links":{"self":[{"href":"https:\/\/nbc-ev.de\/en\/wp-json\/wp\/v2\/pages\/4775","targetHints":{"allow":["GET"]}}],"collection":[{"href":"https:\/\/nbc-ev.de\/en\/wp-json\/wp\/v2\/pages"}],"about":[{"href":"https:\/\/nbc-ev.de\/en\/wp-json\/wp\/v2\/types\/page"}],"author":[{"embeddable":true,"href":"https:\/\/nbc-ev.de\/en\/wp-json\/wp\/v2\/users\/2"}],"replies":[{"embeddable":true,"href":"https:\/\/nbc-ev.de\/en\/wp-json\/wp\/v2\/comments?post=4775"}],"version-history":[{"count":83,"href":"https:\/\/nbc-ev.de\/en\/wp-json\/wp\/v2\/pages\/4775\/revisions"}],"predecessor-version":[{"id":6263,"href":"https:\/\/nbc-ev.de\/en\/wp-json\/wp\/v2\/pages\/4775\/revisions\/6263"}],"wp:attachment":[{"href":"https:\/\/nbc-ev.de\/en\/wp-json\/wp\/v2\/media?parent=4775"}],"curies":[{"name":"wp","href":"https:\/\/api.w.org\/{rel}","templated":true}]}}