{"id":6822,"date":"2024-09-12T13:22:53","date_gmt":"2024-09-12T11:22:53","guid":{"rendered":"https:\/\/nbc-ev.de\/?page_id=6822"},"modified":"2025-08-07T09:18:57","modified_gmt":"2025-08-07T07:18:57","slug":"herren-3-kreisliga","status":"publish","type":"page","link":"https:\/\/nbc-ev.de\/en\/herren-3-kreisliga\/","title":{"rendered":"HERREN-3 Kreisliga"},"content":{"rendered":"<div data-elementor-type=\"wp-page\" data-elementor-id=\"6822\" class=\"elementor elementor-6822\">\n\t\t\t\t\t\t<section class=\"elementor-section elementor-top-section elementor-element elementor-element-8589b8a elementor-section-content-bottom elementor-section-height-min-height elementor-hidden-mobile elementor-section-boxed elementor-section-height-default elementor-section-items-middle wpr-particle-no wpr-jarallax-no wpr-parallax-no wpr-sticky-section-no\" data-id=\"8589b8a\" data-element_type=\"section\" data-settings=\"{&quot;background_background&quot;:&quot;classic&quot;}\">\n\t\t\t\t\t\t\t<div class=\"elementor-background-overlay\"><\/div>\n\t\t\t\t\t\t\t<div class=\"elementor-container elementor-column-gap-default\">\n\t\t\t\t\t<div class=\"elementor-column elementor-col-100 elementor-top-column elementor-element elementor-element-f539a18\" data-id=\"f539a18\" data-element_type=\"column\">\n\t\t\t<div class=\"elementor-widget-wrap elementor-element-populated\">\n\t\t\t\t\t\t<div class=\"elementor-element elementor-element-d372b29 elementor-widget elementor-widget-heading\" data-id=\"d372b29\" data-element_type=\"widget\" data-widget_type=\"heading.default\">\n\t\t\t\t<div class=\"elementor-widget-container\">\n\t\t\t\t\t<h2 class=\"elementor-heading-title elementor-size-default\">Herren 3 Kreisliga<\/h2>\t\t\t\t<\/div>\n\t\t\t\t<\/div>\n\t\t\t\t<div class=\"elementor-element elementor-element-404057c elementor-widget-elementskit-dual-button-center elementor-widget elementor-widget-elementskit-dual-button\" data-id=\"404057c\" data-element_type=\"widget\" data-widget_type=\"elementskit-dual-button.default\">\n\t\t\t\t<div class=\"elementor-widget-container\">\n\t\t\t\t\t<div class=\"ekit-wid-con\" >\n                <div class=\"ekit-element-align-wrapper\">\n                    <div class=\"ekit_double_button\">                <a class=\"ekit-double-btn ekit-double-btn-one\" href=\"https:\/\/www.basketball-bund.net\/index.jsp?Action=102&#038;liga_id=40219\" target=\"_blank\">\n                    To the tables                <\/a>\n            \n            <a class=\"ekit-double-btn ekit-double-btn-two\" href=\"https:\/\/www.basketball-bund.net\/index.jsp?Action=101&#038;liga_id=40219\" target=\"_blank\">\n                    To the games                <\/a>\n                  <\/div>\n                <\/div>\n            <\/div>\t\t\t\t<\/div>\n\t\t\t\t<\/div>\n\t\t\t\t\t<\/div>\n\t\t<\/div>\n\t\t\t\t\t<\/div>\n\t\t<\/section>\n\t\t\t\t<section class=\"elementor-section elementor-top-section elementor-element elementor-element-a7f6bd1 elementor-section-boxed elementor-section-height-default elementor-section-height-default wpr-particle-no wpr-jarallax-no wpr-parallax-no wpr-sticky-section-no\" data-id=\"a7f6bd1\" data-element_type=\"section\" data-settings=\"{&quot;background_background&quot;:&quot;classic&quot;}\">\n\t\t\t\t\t\t<div class=\"elementor-container elementor-column-gap-default\">\n\t\t\t\t\t<div class=\"elementor-column elementor-col-100 elementor-top-column elementor-element elementor-element-9029f35\" data-id=\"9029f35\" data-element_type=\"column\" data-settings=\"{&quot;background_background&quot;:&quot;classic&quot;}\">\n\t\t\t<div class=\"elementor-widget-wrap elementor-element-populated\">\n\t\t\t\t\t\t<div class=\"elementor-element elementor-element-ce9bedf elementor-widget elementor-widget-elementskit-heading\" data-id=\"ce9bedf\" data-element_type=\"widget\" data-widget_type=\"elementskit-heading.default\">\n\t\t\t\t<div class=\"elementor-widget-container\">\n\t\t\t\t\t<div class=\"ekit-wid-con\" ><div class=\"ekit-heading elementskit-section-title-wraper center   ekit_heading_tablet-   ekit_heading_mobile-\"><h3 class=\"ekit-heading--title elementskit-section-title\"><span><span>NBC Herren 3 Trainer<\/span><\/span> <\/h3>\t\t\t\t<div class='ekit-heading__description'>\n\t\t\t\t\t<p>In den H\u00e4nden des engagierten Trainers der Herren 3 des NBC e.V. werden diese jungen und erfahrenen Spieler zu den zuk\u00fcnftigen Aush\u00e4ngeschild des NBC geformt<\/p>\n\t\t\t\t<\/div>\n\t\t\t<\/div><\/div>\t\t\t\t<\/div>\n\t\t\t\t<\/div>\n\t\t\t\t<section class=\"elementor-section elementor-inner-section elementor-element elementor-element-f006195 elementor-section-content-middle elementor-hidden-mobile elementor-section-boxed elementor-section-height-default elementor-section-height-default wpr-particle-no wpr-jarallax-no wpr-parallax-no wpr-sticky-section-no\" data-id=\"f006195\" data-element_type=\"section\" data-settings=\"{&quot;background_background&quot;:&quot;classic&quot;}\">\n\t\t\t\t\t\t<div class=\"elementor-container elementor-column-gap-default\">\n\t\t\t\t\t<div class=\"elementor-column elementor-col-50 elementor-inner-column elementor-element elementor-element-1f7eb26\" data-id=\"1f7eb26\" data-element_type=\"column\">\n\t\t\t<div class=\"elementor-widget-wrap elementor-element-populated\">\n\t\t\t\t\t\t<div class=\"elementor-element elementor-element-5d66616 elementor-widget elementor-widget-elementskit-team\" data-id=\"5d66616\" data-element_type=\"widget\" data-widget_type=\"elementskit-team.default\">\n\t\t\t\t<div class=\"elementor-widget-container\">\n\t\t\t\t\t<div class=\"ekit-wid-con\">\t\t\t\t\t\t\t\t\n\t\t<div class=\"profile-card elementor-animation- text-center ekit-team-style-default\">\n\t\t\t\t\t\t\t<a aria-label=\"profile\" href=\"javascript:void(0)\" data-mfp-src=\"#ekit_team_modal_5d66616_6822\" class=\"ekit-team-popup\">\n\t\t\t\t\t\t\n\t\t\t\t<div class=\"profile-header ekit-team-img ekit-img-overlay ekit-team-img-block\"  data-toggle=\"modal\" data-target=\"ekit_team_modal_#5d66616_6822\" >\n\t\t\t\t\t<img fetchpriority=\"high\" decoding=\"async\" width=\"243\" height=\"448\" src=\"https:\/\/nbc-ev.de\/wp-content\/uploads\/2025\/08\/Patrik-Teka2.jpg\" class=\"attachment-full size-full wp-image-7359\" alt=\"\" srcset=\"https:\/\/nbc-ev.de\/wp-content\/uploads\/2025\/08\/Patrik-Teka2.jpg 243w, https:\/\/nbc-ev.de\/wp-content\/uploads\/2025\/08\/Patrik-Teka2-163x300.jpg 163w, https:\/\/nbc-ev.de\/wp-content\/uploads\/2025\/08\/Patrik-Teka2-7x12.jpg 7w\" sizes=\"(max-width: 243px) 100vw, 243px\" \/>\t\t\t\t<\/div><!-- .profile-header END -->\n\t\t\t\t\t\t\t<\/a>\n\t\t\t\t\t\t\n\n\t\t\t\t<div class=\"profile-body\">\n\t\t\t\t\t\n\t\t\t\t\t<h2 class=\"profile-title\">\n\t\t\t\t\t\t\t\t\t\t\t<a aria-label=\"profile\" href=\"javascript:void(0)\" data-mfp-src=\"#ekit_team_modal_5d66616_6822\" class=\"ekit-team-popup\">\n\t\t\t\t\t\tPatrick Teka\t\t\t\t\t\t<\/a>\n\t\t\t\t\t\t\t\t\t\t\t<\/h2>\n\t\t\t\t\t<p class=\"profile-designation\">Trainer<\/p>\n\t\t\t\t\t\t\t\t\t<\/div><!-- .profile-body END -->\n\n\t\t\t\t\t\t\t\t<\/div>\n\t\t\t\t\t\t\t\n\t\t\t\n\t\t\t\t\t<div class=\"zoom-anim-dialog mfp-hide elementskit-team-popup team-popup-id-5d66616\" id=\"ekit_team_modal_5d66616_6822\" tabindex=\"-1\" role=\"dialog\" aria-hidden=\"true\">\n\t\t\t\t<div class=\"modal-dialog modal-dialog-centered\" role=\"document\">\n\t\t\t\t\t<div class=\"modal-content\">\n\t\t\t\t\t\t<button type=\"button\" class=\"ekit-team-modal-close\">\n\t\t\t\t\t\t\t<i aria-hidden=\"true\" class=\"fas fa-times\"><\/i>\t\t\t\t\t\t<\/button>\n\n\t\t\t\t\t\t<div class=\"modal-body\">\n\t\t\t\t\t\t\t\t\t\t\t\t\t\t\t<div class=\"ekit-team-modal-img\">\n\t\t\t\t\t\t\t\t\t<img fetchpriority=\"high\" decoding=\"async\" width=\"243\" height=\"448\" src=\"https:\/\/nbc-ev.de\/wp-content\/uploads\/2025\/08\/Patrik-Teka2.jpg\" class=\"attachment-full size-full wp-image-7359\" alt=\"\" srcset=\"https:\/\/nbc-ev.de\/wp-content\/uploads\/2025\/08\/Patrik-Teka2.jpg 243w, https:\/\/nbc-ev.de\/wp-content\/uploads\/2025\/08\/Patrik-Teka2-163x300.jpg 163w, https:\/\/nbc-ev.de\/wp-content\/uploads\/2025\/08\/Patrik-Teka2-7x12.jpg 7w\" sizes=\"(max-width: 243px) 100vw, 243px\" \/>\t\t\t\t\t\t\t\t<\/div>\n\t\t\t\t\t\t\t\n\t\t\t\t\t\t\t<div class=\"ekit-team-modal-info has-img\">\n\t\t\t\t\t\t\t\t<h2 class=\"ekit-team-modal-title\">Patrick Teka<\/h2>\n\t\t\t\t\t\t\t\t<p class=\"ekit-team-modal-position\">Trainer<\/p>\n\t\t\t\t\t\t\t\t\n\t\t\t\t\t\t\t\t<div class=\"ekit-team-modal-content\">\n\t\t\t\t\t\t\t\t\tMit sechs Jahren Erfahrung als Leistungstr\u00e4ger in der Jugend-Bundesliga (JBBL &amp; NBBL) und sieben Jahren im Profi-Basketball (ProA &amp; ProB) bringe ich tiefgehende Einblicke in den Leistungssport mit. Heute setze ich dieses Wissen als Jugendtrainer und Mentor ein \u2013 mit einem klaren Fokus auf nachhaltige Nachwuchsf\u00f6rderung, Wertevermittlung und soziale Verantwortung.\nIch kombiniere Disziplin und Mentalit\u00e4t aus dem Profisport mit einem p\u00e4dagogischen Verst\u00e4ndnis f\u00fcr individuelle Entwicklung. Als Ex-Profi mit Migrationshintergrund wei\u00df ich, wie wichtig Vorbilder, Struktur und echte Chancen sind \u2013 besonders f\u00fcr Kinder und Jugendliche, die sonst leicht \u00fcbersehen werden. Beim NBC begleite ich junge Talente nicht nur sportlich, sondern auch menschlich \u2013 mit Haltung, Herz und Perspektive.\t\t\t\t\t\t\t\t<\/div>\n\n\t\t\t\t\t\t\t\t\t\t\t\t\t\t\t\t\t<ul class=\"ekit-team-modal-list\">\n\t\t\t\t\t\t\t\t\t\t\t\t\t\t\t\t\t\t\t\t\t<li><strong>Phone:<\/strong><a href=\"tel:+49 163 2675215\">+49 163 2675215<\/a><\/li>\n\t\t\t\t\t\t\t\t\t\t\n\t\t\t\t\t\t\t\t\t\t\t\t\t\t\t\t\t\t\t\t\t<li><strong>Email:<\/strong><a href=\"mailto:patrick@nbc-ev.de\">patrick@nbc-ev.de<\/a><\/li>\n\t\t\t\t\t\t\t\t\t\t\t\t\t\t\t\t\t\t\t<\/ul>\n\t\t\t\t\t\t\t\t\t\t\t\t\t\t\t\t\n\t\t\t\t\t\t\t\t\t\t\t\t\t\t\t<\/div>\n\t\t\t\t\t\t<\/div>\n\t\t\t\t\t<\/div>\n\t\t\t\t<\/div>\n\t\t\t<\/div>\n\t\t\t\t<\/div>\t\t\t\t<\/div>\n\t\t\t\t<\/div>\n\t\t\t\t\t<\/div>\n\t\t<\/div>\n\t\t\t\t<div class=\"elementor-column elementor-col-50 elementor-inner-column elementor-element elementor-element-8b537f9\" data-id=\"8b537f9\" data-element_type=\"column\" data-settings=\"{&quot;background_background&quot;:&quot;classic&quot;}\">\n\t\t\t<div class=\"elementor-widget-wrap elementor-element-populated\">\n\t\t\t\t\t\t<div class=\"elementor-element elementor-element-242e59e elementor-widget elementor-widget-image\" data-id=\"242e59e\" data-element_type=\"widget\" data-widget_type=\"image.default\">\n\t\t\t\t<div class=\"elementor-widget-container\">\n\t\t\t\t\t\t\t\t\t\t\t\t\t\t\t<img decoding=\"async\" width=\"150\" height=\"143\" src=\"https:\/\/nbc-ev.de\/wp-content\/uploads\/2022\/03\/cropped-nbc_logo_w.png\" class=\"attachment-large size-large wp-image-3641\" alt=\"\" \/>\t\t\t\t\t\t\t\t\t\t\t\t\t\t\t<\/div>\n\t\t\t\t<\/div>\n\t\t\t\t\t<\/div>\n\t\t<\/div>\n\t\t\t\t\t<\/div>\n\t\t<\/section>\n\t\t\t\t\t<\/div>\n\t\t<\/div>\n\t\t\t\t\t<\/div>\n\t\t<\/section>\n\t\t\t\t<section class=\"elementor-section elementor-top-section elementor-element elementor-element-bca5330 elementor-section-boxed elementor-section-height-default elementor-section-height-default wpr-particle-no wpr-jarallax-no wpr-parallax-no wpr-sticky-section-no\" data-id=\"bca5330\" data-element_type=\"section\" data-settings=\"{&quot;background_background&quot;:&quot;classic&quot;}\">\n\t\t\t\t\t\t\t<div class=\"elementor-background-overlay\"><\/div>\n\t\t\t\t\t\t\t<div class=\"elementor-container elementor-column-gap-default\">\n\t\t\t\t\t<div class=\"elementor-column elementor-col-100 elementor-top-column elementor-element elementor-element-5e84a01\" data-id=\"5e84a01\" data-element_type=\"column\" data-settings=\"{&quot;background_background&quot;:&quot;classic&quot;}\">\n\t\t\t<div class=\"elementor-widget-wrap elementor-element-populated\">\n\t\t\t\t\t<div class=\"elementor-background-overlay\"><\/div>\n\t\t\t\t\t\t<div class=\"elementor-element elementor-element-a8e0a26 elementor-drop-cap-yes elementor-widget__width-initial elementor-drop-cap-view-default elementor-widget elementor-widget-text-editor\" data-id=\"a8e0a26\" data-element_type=\"widget\" data-settings=\"{&quot;drop_cap&quot;:&quot;yes&quot;}\" data-widget_type=\"text-editor.default\">\n\t\t\t\t<div class=\"elementor-widget-container\">\n\t\t\t\t\t\t\t\t\t<p>Tauchen Sie ein in die Welt der Herren 3, in denen aufstrebende Talente durch strategische Trainingsperioden gef\u00f6rdert werden, um die Champions von morgen zu formen.<\/p>\t\t\t\t\t\t\t\t<\/div>\n\t\t\t\t<\/div>\n\t\t\t\t<section class=\"elementor-section elementor-inner-section elementor-element elementor-element-181847f elementor-section-full_width elementor-section-height-default elementor-section-height-default wpr-particle-no wpr-jarallax-no wpr-parallax-no wpr-sticky-section-no\" data-id=\"181847f\" data-element_type=\"section\" data-settings=\"{&quot;background_background&quot;:&quot;classic&quot;}\">\n\t\t\t\t\t\t<div class=\"elementor-container elementor-column-gap-no\">\n\t\t\t\t\t<div class=\"elementor-column elementor-col-33 elementor-inner-column elementor-element elementor-element-d64cf12\" data-id=\"d64cf12\" data-element_type=\"column\">\n\t\t\t<div class=\"elementor-widget-wrap elementor-element-populated\">\n\t\t\t\t\t\t<div class=\"elementor-element elementor-element-4d1ced0 elementor-widget elementor-widget-heading\" data-id=\"4d1ced0\" data-element_type=\"widget\" data-widget_type=\"heading.default\">\n\t\t\t\t<div class=\"elementor-widget-container\">\n\t\t\t\t\t<h2 class=\"elementor-heading-title elementor-size-default\">Herren 3  Ausbildungszeiten<\/h2>\t\t\t\t<\/div>\n\t\t\t\t<\/div>\n\t\t\t\t\t<\/div>\n\t\t<\/div>\n\t\t\t\t<div class=\"elementor-column elementor-col-33 elementor-inner-column elementor-element elementor-element-384f4bb elementor-hidden-tablet\" data-id=\"384f4bb\" data-element_type=\"column\">\n\t\t\t<div class=\"elementor-widget-wrap\">\n\t\t\t\t\t\t\t<\/div>\n\t\t<\/div>\n\t\t\t\t<div class=\"elementor-column elementor-col-33 elementor-inner-column elementor-element elementor-element-abbf6c7\" data-id=\"abbf6c7\" data-element_type=\"column\" data-settings=\"{&quot;background_background&quot;:&quot;classic&quot;}\">\n\t\t\t<div class=\"elementor-widget-wrap elementor-element-populated\">\n\t\t\t\t\t\t<div class=\"elementor-element elementor-element-5603ff8 elementor-widget elementor-widget-heading\" data-id=\"5603ff8\" data-element_type=\"widget\" data-widget_type=\"heading.default\">\n\t\t\t\t<div class=\"elementor-widget-container\">\n\t\t\t\t\t<h2 class=\"elementor-heading-title elementor-size-default\">Training times<\/h2>\t\t\t\t<\/div>\n\t\t\t\t<\/div>\n\t\t\t\t<div class=\"elementor-element elementor-element-6bcfc32 elementor-widget elementor-widget-elementskit-heading\" data-id=\"6bcfc32\" data-element_type=\"widget\" data-widget_type=\"elementskit-heading.default\">\n\t\t\t\t<div class=\"elementor-widget-container\">\n\t\t\t\t\t<div class=\"ekit-wid-con\" ><div class=\"ekit-heading elementskit-section-title-wraper text_center   ekit_heading_tablet-   ekit_heading_mobile-\"><h2 class=\"ekit-heading--title elementskit-section-title\">Dienstags 20:00-22:00<\/h2><\/div><\/div>\t\t\t\t<\/div>\n\t\t\t\t<\/div>\n\t\t\t\t<div class=\"elementor-element elementor-element-99d0f34 elementor-widget elementor-widget-elementskit-heading\" data-id=\"99d0f34\" data-element_type=\"widget\" data-widget_type=\"elementskit-heading.default\">\n\t\t\t\t<div class=\"elementor-widget-container\">\n\t\t\t\t\t<div class=\"ekit-wid-con\" ><div class=\"ekit-heading elementskit-section-title-wraper text_center   ekit_heading_tablet-   ekit_heading_mobile-\"><h2 class=\"ekit-heading--title elementskit-section-title\">HALL<\/h2>\t\t\t\t<div class='ekit-heading__description'>\n\t\t\t\t\t<p>D\u00fcrer Gymnasium,Sielstr. 17, 90429 Nuremberg<\/p>\n\t\t\t\t<\/div>\n\t\t\t<\/div><\/div>\t\t\t\t<\/div>\n\t\t\t\t<\/div>\n\t\t\t\t\t<\/div>\n\t\t<\/div>\n\t\t\t\t\t<\/div>\n\t\t<\/section>\n\t\t\t\t\t<\/div>\n\t\t<\/div>\n\t\t\t\t\t<\/div>\n\t\t<\/section>\n\t\t\t\t<section class=\"elementor-section elementor-top-section elementor-element elementor-element-9ae34bb elementor-section-boxed elementor-section-height-default elementor-section-height-default wpr-particle-no wpr-jarallax-no wpr-parallax-no wpr-sticky-section-no\" data-id=\"9ae34bb\" data-element_type=\"section\" data-settings=\"{&quot;background_background&quot;:&quot;classic&quot;}\">\n\t\t\t\t\t\t<div class=\"elementor-container elementor-column-gap-default\">\n\t\t\t\t\t<div class=\"elementor-column elementor-col-33 elementor-top-column elementor-element elementor-element-2e33f6b\" data-id=\"2e33f6b\" data-element_type=\"column\">\n\t\t\t<div class=\"elementor-widget-wrap elementor-element-populated\">\n\t\t\t\t\t\t<div class=\"elementor-element elementor-element-b8b88e1 elementor-widget__width-initial wpr-logo-position-center elementor-widget elementor-widget-wpr-logo\" data-id=\"b8b88e1\" data-element_type=\"widget\" data-widget_type=\"wpr-logo.default\">\n\t\t\t\t<div class=\"elementor-widget-container\">\n\t\t\t\t\t\t\t\t\n\t\t\t<div class=\"wpr-logo elementor-clearfix\">\n\n\t\t\t\t\t\t\t\t<picture class=\"wpr-logo-image\">\n\t\t\t\t\t\n\t\t\t\t\t\t\t\t\t\t\n\t\t\t\t\t<img decoding=\"async\" src=\"https:\/\/nbc-ev.de\/wp-content\/uploads\/2023\/09\/logo-1.png\" alt=\"\">\n\n\t\t\t\t\t\t\t\t\t<\/picture>\n\t\t\t\t\n\t\t\t\t\n\t\t\t\t\n\t\t\t<\/div>\n\t\t\t\t\n\t\t\t\t\t\t<\/div>\n\t\t\t\t<\/div>\n\t\t\t\t\t<\/div>\n\t\t<\/div>\n\t\t\t\t<div class=\"elementor-column elementor-col-66 elementor-top-column elementor-element elementor-element-2498e96\" data-id=\"2498e96\" data-element_type=\"column\">\n\t\t\t<div class=\"elementor-widget-wrap elementor-element-populated\">\n\t\t\t\t\t\t<div class=\"elementor-element elementor-element-ede5dee elementor-widget elementor-widget-elementskit-heading\" data-id=\"ede5dee\" data-element_type=\"widget\" data-widget_type=\"elementskit-heading.default\">\n\t\t\t\t<div class=\"elementor-widget-container\">\n\t\t\t\t\t<div class=\"ekit-wid-con\" ><div class=\"ekit-heading elementskit-section-title-wraper text_left   ekit_heading_tablet-   ekit_heading_mobile-text_center\"><h2 class=\"ekit-heading--title elementskit-section-title\">Deutscher Basketball Bund Herren 3 Kreisliga<\/h2>\t\t\t\t<div class='ekit-heading__description'>\n\t\t\t\t\t<p>To access the table and see the current standings, please click on the \"To table\" button below.<\/p>\n\t\t\t\t<\/div>\n\t\t\t<\/div><\/div>\t\t\t\t<\/div>\n\t\t\t\t<\/div>\n\t\t\t\t<div class=\"elementor-element elementor-element-7baf456 elementor-align-center elementor-widget elementor-widget-elementskit-button\" data-id=\"7baf456\" data-element_type=\"widget\" data-widget_type=\"elementskit-button.default\">\n\t\t\t\t<div class=\"elementor-widget-container\">\n\t\t\t\t\t<div class=\"ekit-wid-con\" >\t\t<div class=\"ekit-btn-wraper\">\n\t\t\t\t\t\t\t<a href=\"https:\/\/www.basketball-bund.net\/index.jsp?Action=102&#038;liga_id=40219\" target=\"_blank\" class=\"elementskit-btn  whitespace--normal\" id=\"\">\n\t\t\t\t\tTo the tables<i class=\"fas fa-arrow-circle-right\"><\/i>\t\t\t\t<\/a>\n\t\t\t\t\t<\/div>\n        <\/div>\t\t\t\t<\/div>\n\t\t\t\t<\/div>\n\t\t\t\t\t<\/div>\n\t\t<\/div>\n\t\t\t\t\t<\/div>\n\t\t<\/section>\n\t\t\t\t<section class=\"elementor-section elementor-top-section elementor-element elementor-element-aae0ea1 elementor-section-full_width elementor-section-content-middle elementor-section-height-default elementor-section-height-default wpr-particle-no wpr-jarallax-no wpr-parallax-no wpr-sticky-section-no\" data-id=\"aae0ea1\" data-element_type=\"section\" data-settings=\"{&quot;background_background&quot;:&quot;classic&quot;}\">\n\t\t\t\t\t\t<div class=\"elementor-container elementor-column-gap-default\">\n\t\t\t\t\t<div class=\"elementor-column elementor-col-100 elementor-top-column elementor-element elementor-element-f027d30\" data-id=\"f027d30\" data-element_type=\"column\" data-settings=\"{&quot;background_background&quot;:&quot;classic&quot;}\">\n\t\t\t<div class=\"elementor-widget-wrap elementor-element-populated\">\n\t\t\t\t\t\t<div class=\"elementor-element elementor-element-32afc2d elementor-widget elementor-widget-heading\" data-id=\"32afc2d\" data-element_type=\"widget\" data-widget_type=\"heading.default\">\n\t\t\t\t<div class=\"elementor-widget-container\">\n\t\t\t\t\t<h2 class=\"elementor-heading-title elementor-size-default\">Schedule<\/h2>\t\t\t\t<\/div>\n\t\t\t\t<\/div>\n\t\t\t\t<div class=\"elementor-element elementor-element-3c6a4ff elementor-widget elementor-widget-text-editor\" data-id=\"3c6a4ff\" data-element_type=\"widget\" data-widget_type=\"text-editor.default\">\n\t\t\t\t<div class=\"elementor-widget-container\">\n\t\t\t\t\t\t\t\t\t<p>Click on the button below to get all the important information such as match dates, teams and venues. Celebrate the essence of basketball with us and don't miss a moment of the action.<\/p>\t\t\t\t\t\t\t\t<\/div>\n\t\t\t\t<\/div>\n\t\t\t\t<div class=\"elementor-element elementor-element-37917a7 elementor-align-center elementor-widget elementor-widget-elementskit-button\" data-id=\"37917a7\" data-element_type=\"widget\" data-widget_type=\"elementskit-button.default\">\n\t\t\t\t<div class=\"elementor-widget-container\">\n\t\t\t\t\t<div class=\"ekit-wid-con\" >\t\t<div class=\"ekit-btn-wraper\">\n\t\t\t\t\t\t\t<a href=\"https:\/\/www.basketball-bund.net\/index.jsp?Action=101&#038;liga_id=40219\" target=\"_blank\" class=\"elementskit-btn  whitespace--normal\" id=\"\">\n\t\t\t\t\tTo the games<i class=\"fas fa-arrow-circle-right\"><\/i>\t\t\t\t<\/a>\n\t\t\t\t\t<\/div>\n        <\/div>\t\t\t\t<\/div>\n\t\t\t\t<\/div>\n\t\t\t\t\t<\/div>\n\t\t<\/div>\n\t\t\t\t\t<\/div>\n\t\t<\/section>\n\t\t\t\t<\/div>","protected":false},"excerpt":{"rendered":"<p>Herren 3 Kreisliga Zu den Tabellen Zu den Spielen NBC Herren 3 Trainer In den H\u00e4nden des engagierten Trainers der Herren 3 des NBC e.V. werden diese jungen und erfahrenen Spieler zu den zuk\u00fcnftigen Aush\u00e4ngeschild des NBC geformt Patrick Teka Trainer Patrick Teka Trainer Mit sechs Jahren Erfahrung als Leistungstr\u00e4ger in der Jugend-Bundesliga (JBBL &amp; NBBL) und sieben Jahren im Profi-Basketball (ProA &amp; ProB) bringe ich tiefgehende Einblicke in den Leistungssport mit. Heute setze ich dieses Wissen als Jugendtrainer und Mentor ein \u2013 mit einem klaren Fokus auf nachhaltige Nachwuchsf\u00f6rderung, Wertevermittlung und soziale Verantwortung. Ich kombiniere Disziplin und Mentalit\u00e4t aus dem Profisport mit einem p\u00e4dagogischen Verst\u00e4ndnis f\u00fcr individuelle Entwicklung. Als Ex-Profi mit Migrationshintergrund wei\u00df ich, wie wichtig Vorbilder, Struktur und echte Chancen sind \u2013 besonders f\u00fcr Kinder und Jugendliche, die sonst leicht \u00fcbersehen werden. Beim NBC begleite ich junge Talente nicht nur sportlich, sondern auch menschlich \u2013 mit Haltung, Herz und Perspektive. Phone:+49 163 2675215 Email:patrick@nbc-ev.de Tauchen Sie ein in die Welt der Herren 3, in denen aufstrebende Talente durch strategische Trainingsperioden gef\u00f6rdert werden, um die Champions von morgen zu formen. Herren 3 Ausbildungszeiten Trainingszeiten Dienstags 20:00-22:00 HALLE D\u00fcrer Gymnasium,Sielstr. 17, 90429 Nuremberg Deutscher Basketball Bund Herren 3 Kreisliga Um auf die Tabelle zuzugreifen und den aktuellen Tabellenstand zu sehen, klicken Sie bitte auf die Schaltfl\u00e4che &#8222;zur Tabelle&#8220; unten. Zu den Tabellen Spielplan Klicken Sie auf die Schaltfl\u00e4che unten, um alle wichtigen Informationen wie Spieltermine, Mannschaften und Austragungsorte zu erhalten. Feiern Sie mit uns die Essenz des Basketballs und verpassen Sie keinen Moment der Action. Zu den Spielen<\/p>","protected":false},"author":2,"featured_media":0,"parent":0,"menu_order":0,"comment_status":"closed","ping_status":"closed","template":"elementor_canvas","meta":{"_eb_attr":"","footnotes":""},"class_list":["post-6822","page","type-page","status-publish","hentry"],"rttpg_featured_image_url":null,"rttpg_author":{"display_name":"Mike","author_link":"https:\/\/nbc-ev.de\/en\/author\/mike\/"},"rttpg_comment":0,"rttpg_category":null,"rttpg_excerpt":"Herren 3 Kreisliga Zu den Tabellen Zu den Spielen NBC Herren 3 Trainer In den H\u00e4nden des engagierten Trainers der Herren 3 des NBC e.V. werden diese jungen und erfahrenen Spieler zu den zuk\u00fcnftigen Aush\u00e4ngeschild des NBC geformt Patrick Teka Trainer Patrick Teka Trainer Mit sechs Jahren Erfahrung als Leistungstr\u00e4ger in der Jugend-Bundesliga (JBBL &amp;&hellip;","_links":{"self":[{"href":"https:\/\/nbc-ev.de\/en\/wp-json\/wp\/v2\/pages\/6822","targetHints":{"allow":["GET"]}}],"collection":[{"href":"https:\/\/nbc-ev.de\/en\/wp-json\/wp\/v2\/pages"}],"about":[{"href":"https:\/\/nbc-ev.de\/en\/wp-json\/wp\/v2\/types\/page"}],"author":[{"embeddable":true,"href":"https:\/\/nbc-ev.de\/en\/wp-json\/wp\/v2\/users\/2"}],"replies":[{"embeddable":true,"href":"https:\/\/nbc-ev.de\/en\/wp-json\/wp\/v2\/comments?post=6822"}],"version-history":[{"count":57,"href":"https:\/\/nbc-ev.de\/en\/wp-json\/wp\/v2\/pages\/6822\/revisions"}],"predecessor-version":[{"id":7484,"href":"https:\/\/nbc-ev.de\/en\/wp-json\/wp\/v2\/pages\/6822\/revisions\/7484"}],"wp:attachment":[{"href":"https:\/\/nbc-ev.de\/en\/wp-json\/wp\/v2\/media?parent=6822"}],"curies":[{"name":"wp","href":"https:\/\/api.w.org\/{rel}","templated":true}]}}